{"id":11269,"date":"2022-11-24T18:41:56","date_gmt":"2022-11-24T18:41:56","guid":{"rendered":"https:\/\/sea-sa.com.mx\/site\/?post_type=product&#038;p=11269"},"modified":"2022-11-25T19:10:07","modified_gmt":"2022-11-25T19:10:07","slug":"biseladora-para-tuberias-mf3i","status":"publish","type":"product","link":"https:\/\/sea-sa.com.mx\/site\/producto\/biseladora-para-tuberias-mf3i\/","title":{"rendered":"Biseladora de tuber\u00eda MF3i"},"content":{"rendered":"<p>Nuestra gama de Biseladoras para tuber\u00edas port\u00e1tiles para la preparaci\u00f3n mec\u00e1nica de los bordes de los tubos y la soldadura orbital facilitar\u00e1n su proceso de trabajo. La biseladora de tubos se fija a la pieza con un mecanismo de sujeci\u00f3n interior o exterior. La maneja un soldador, que da un avance manual a la biseladora de tubos con una palanca, un trinquete o un torniquete. En el portacuchillas se fijan dos o m\u00e1s cuchillas. La velocidad de es ajustable y depende del material, el grosor de la pared y el di\u00e1metro.<\/p>\n<p>Area de fijaci\u00f3n ID-ID: 1,57 &#8211; 5,98&#8243;<\/p>\n<ul>\n<li>Area de uso ID-OD: 1,57&#8243; &#8211; 6,63&#8243; (40 &#8211; 168,3 mm)<\/li>\n<li>Espesor de la pared del tubo: m\u00e1x. 3 mm<\/li>\n<li>Biselado perfecto de los tubos y preparaci\u00f3n de los bordes de los mismos<\/li>\n<li>Sin chispas y con poco ruido<\/li>\n<li>Alta repetibilidad<\/li>\n<\/ul>\n<p><strong>Datos T\u00e9cnicos:<\/strong><\/p>\n<ul>\n<li style=\"list-style-type: none;\">\n<ul>\n<li>Area de uso ID-ED: 1,57 &#8211; 6,63&#8243; (40 &#8211; 168,3 mm)<\/li>\n<li>Area de fijaci\u00f3n ID-ID: 1,57 &#8211; 5,98&#8243; (40 &#8211; 152 mm)<\/li>\n<li>Espesor\/pared max: m\u00e1x. 25 mm<\/li>\n<li>Avance: 0,590&#8243; (15 mm)<\/li>\n<li>Peso con motor neum\u00e1tico: 10,3 kg<\/li>\n<li>Peso con motor el\u00e9ctrico: 11,5 kg<\/li>\n<li>Forma de costura de soldadura: Junta de preparaci\u00f3n solo-V, 0\u00b0<\/li>\n<li>Materiales: Acero, acero inoxidable, d\u00faplex, acero aleado<\/li>\n<li>Herramientas: Herramientas de corte, TiN insertos reversibles, herramientas de corte especiales<\/li>\n<li>Carcasa de la m\u00e1quina: Aleaci\u00f3n de aluminio<\/li>\n<\/ul>\n<\/li>\n<\/ul>\n<p style=\"text-align: center;\"><iframe loading=\"lazy\" src=\"https:\/\/www.youtube.com\/embed\/HP-ZxuRhtCw\" width=\"560\" height=\"315\" frameborder=\"0\" allowfullscreen=\"allowfullscreen\"><span data-mce-type=\"bookmark\" style=\"display: inline-block; width: 0px; overflow: hidden; line-height: 0;\" class=\"mce_SELRES_start\">\ufeff<\/span><span data-mce-type=\"bookmark\" style=\"display: inline-block; width: 0px; overflow: hidden; line-height: 0;\" class=\"mce_SELRES_start\">\ufeff<\/span><\/iframe><\/p>\n","protected":false},"excerpt":{"rendered":"<p>Con la Biseladoras para tuber\u00edas MF3i se pueden procesar tubos de hasta 168,3 mm de di\u00e1metro exterior para la preparaci\u00f3n de los bordes de soldadura.<br \/>\nLa m\u00e1quina puede estar equipada con un motor de trabajo neum\u00e1tico o el\u00e9ctrico. Gracias a su bajo peso de s\u00f3lo 10 kg, esta m\u00e1quina puede ser manejada por una sola persona.<\/p>\n[fusion_button link=\"https:\/\/sea-sa.com.mx\/site\/contacto-empresa-soldadura-equipos-antorchas\/?interes=DWT Mf3i\" text_transform=\"\" title=\"Cont\u00e1ctanos para asesorarte\" target=\"_self\" link_attributes=\"\" alignment=\"center\" modal=\"\" hide_on_mobile=\"small-visibility,medium-visibility,large-visibility\" class=\"\" id=\"\" color=\"custom\" button_gradient_top_color=\"#ba0000\" button_gradient_bottom_color=\"#a50000\" button_gradient_top_color_hover=\"#a50000\" button_gradient_bottom_color_hover=\"#ba0000\" accent_color=\"#ffffff\" accent_hover_color=\"#eaeaea\" type=\"\" bevel_color=\"\" border_width=\"\" size=\"large\" stretch=\"default\" shape=\"pill\" icon=\"fa-info-circle fas\" icon_position=\"left\" icon_divider=\"yes\" animation_type=\"\" animation_direction=\"left\" animation_speed=\"0.3\" animation_offset=\"\"]SOLICITAR INFORMACI\u00d3N[\/fusion_button]\n<p>&nbsp;<\/p>\n<p><img loading=\"lazy\" decoding=\"async\" class=\"size-full wp-image-11239 aligncenter\" src=\"https:\/\/sea-sa.com.mx\/site\/wp-content\/uploads\/2022\/11\/dwt-pipe-tools-made-in-germany-sea-3.png\" alt=\"dwt-pipe-tools-made-in-germany-sea-3\" width=\"196\" height=\"85\" \/><\/p>\n","protected":false},"featured_media":11271,"template":"","meta":{"ngg_post_thumbnail":0},"product_brand":[],"product_cat":[89],"product_tag":[],"class_list":{"0":"post-11269","1":"product","2":"type-product","3":"status-publish","4":"has-post-thumbnail","6":"product_cat-cortadoras-biseladoras-biselado-tubos-dwt","7":"product-grid-view","9":"first","10":"instock","11":"shipping-taxable","12":"product-type-simple"},"aioseo_notices":[],"_links":{"self":[{"href":"https:\/\/sea-sa.com.mx\/site\/wp-json\/wp\/v2\/product\/11269","targetHints":{"allow":["GET"]}}],"collection":[{"href":"https:\/\/sea-sa.com.mx\/site\/wp-json\/wp\/v2\/product"}],"about":[{"href":"https:\/\/sea-sa.com.mx\/site\/wp-json\/wp\/v2\/types\/product"}],"wp:featuredmedia":[{"embeddable":true,"href":"https:\/\/sea-sa.com.mx\/site\/wp-json\/wp\/v2\/media\/11271"}],"wp:attachment":[{"href":"https:\/\/sea-sa.com.mx\/site\/wp-json\/wp\/v2\/media?parent=11269"}],"wp:term":[{"taxonomy":"product_brand","embeddable":true,"href":"https:\/\/sea-sa.com.mx\/site\/wp-json\/wp\/v2\/product_brand?post=11269"},{"taxonomy":"product_cat","embeddable":true,"href":"https:\/\/sea-sa.com.mx\/site\/wp-json\/wp\/v2\/product_cat?post=11269"},{"taxonomy":"product_tag","embeddable":true,"href":"https:\/\/sea-sa.com.mx\/site\/wp-json\/wp\/v2\/product_tag?post=11269"}],"curies":[{"name":"wp","href":"https:\/\/api.w.org\/{rel}","templated":true}]}}