{"id":11248,"date":"2022-11-23T17:48:40","date_gmt":"2022-11-23T17:48:40","guid":{"rendered":"https:\/\/sea-sa.com.mx\/site\/?post_type=product&#038;p=11248"},"modified":"2022-11-25T19:12:04","modified_gmt":"2022-11-25T19:12:04","slug":"biseladora-de-tuberia-mf3iw-s-monterrey","status":"publish","type":"product","link":"https:\/\/sea-sa.com.mx\/site\/producto\/biseladora-de-tuberia-mf3iw-s-monterrey\/","title":{"rendered":"Biseladora de tuber\u00eda MF3iw-s"},"content":{"rendered":"<p>Nuestra gama de Biseladoras para tuber\u00edas port\u00e1tiles para la preparaci\u00f3n mec\u00e1nica de los bordes de los tubos y la soldadura orbital facilitar\u00e1n su proceso de trabajo. La biseladora de tubos se fija a la pieza con un mecanismo de sujeci\u00f3n interior o exterior. La maneja un soldador, que da un avance manual a la biseladora de tubos con una palanca, un trinquete o un torniquete. En el portacuchillas se fijan dos o m\u00e1s cuchillas. La velocidad de es ajustable y depende del material, el grosor de la pared y el di\u00e1metro.<\/p>\n<p>Area de fijaci\u00f3n ID-ID: 0,62 &#8211; 1,57&#8243;<\/p>\n<ul>\n<li>Area de uso ID-OD: 0,62 &#8211; 2,0&#8243; (16 &#8211; 50 mm)<\/li>\n<li>Espesor de la pared del tubo: m\u00e1x. 10 mm<\/li>\n<li>Biselado perfecto de los tubos y preparaci\u00f3n de los bordes de los mismos<\/li>\n<li>Sin chispas y con poco ruido<\/li>\n<li>Alta repetibilidad<\/li>\n<\/ul>\n<p><strong>Datos T\u00e9cnicos:<\/strong><\/p>\n<ul>\n<li style=\"list-style-type: none;\">\n<ul>\n<li style=\"list-style-type: none;\">\n<ul>\n<li>Area de uso ID-ED: 0,62&#8243; &#8211; 2,0&#8243; (16 &#8211; 50 mm)<\/li>\n<li>Area de fijaci\u00f3n ID-ID: 0,62&#8243; &#8211; 1,57&#8243; (16 &#8211; 40 mm)<\/li>\n<li>Espesor\/pared max: 0,393&#8243; (10 mm)<\/li>\n<li>Avance: 0,79&#8243; (20 mm)<\/li>\n<li>Peso con motor neum\u00e1tico: 5,8 kg<\/li>\n<li>Peso con motor el\u00e9ctrico: 7,0 kg<\/li>\n<li>Forma de costura de soldadura: Largo x Ancho x Alto en mm: Junta de preparaci\u00f3n solo-V, 0\u00b0<\/li>\n<li>Materiales: Acero, acero inoxidable, d\u00faplex, acero aleado<\/li>\n<li>Herramientas: Herramientas de corte, TiN insertos reversibles, herramientas de corte especiales<\/li>\n<li>Carcasa de la m\u00e1quina: Aleaci\u00f3n de aluminio<\/li>\n<\/ul>\n<\/li>\n<\/ul>\n<\/li>\n<\/ul>\n","protected":false},"excerpt":{"rendered":"<p>La Biseladora para tuber\u00edas MF3iw-s se utiliza para la preparaci\u00f3n de soldaduras de extremos de tuber\u00edas, ramales y cabezales. La m\u00e1quina se utiliza en recipientes de vapor en bloque para procesar las paredes de los tubos, para recortarlos o para biselar las soldaduras.<br \/>\nLa biseladora de tubos puede equiparse opcionalmente con un motor neum\u00e1tico o el\u00e9ctrico dispuesto en 90\u00b0 respecto al manguito.<\/p>\n[fusion_button link=\"https:\/\/sea-sa.com.mx\/site\/contacto-empresa-soldadura-equipos-antorchas\/?interes=DWT MF3iw-s\" text_transform=\"\" title=\"Cont\u00e1ctanos para asesorarte\" target=\"_self\" link_attributes=\"\" alignment=\"center\" modal=\"\" hide_on_mobile=\"small-visibility,medium-visibility,large-visibility\" class=\"\" id=\"\" color=\"custom\" button_gradient_top_color=\"#ba0000\" button_gradient_bottom_color=\"#a50000\" button_gradient_top_color_hover=\"#a50000\" button_gradient_bottom_color_hover=\"#ba0000\" accent_color=\"#ffffff\" accent_hover_color=\"#eaeaea\" type=\"\" bevel_color=\"\" border_width=\"\" size=\"large\" stretch=\"default\" shape=\"pill\" icon=\"fa-info-circle fas\" icon_position=\"left\" icon_divider=\"yes\" animation_type=\"\" animation_direction=\"left\" animation_speed=\"0.3\" animation_offset=\"\"]SOLICITAR INFORMACI\u00d3N[\/fusion_button]\n<p>&nbsp;<\/p>\n<p><img loading=\"lazy\" decoding=\"async\" class=\"size-full wp-image-11239 aligncenter\" src=\"https:\/\/sea-sa.com.mx\/site\/wp-content\/uploads\/2022\/11\/dwt-pipe-tools-made-in-germany-sea-3.png\" alt=\"dwt-pipe-tools-made-in-germany-sea-3\" width=\"196\" height=\"85\" \/><\/p>\n","protected":false},"featured_media":11253,"template":"","meta":{"ngg_post_thumbnail":0},"product_brand":[],"product_cat":[89],"product_tag":[],"class_list":{"0":"post-11248","1":"product","2":"type-product","3":"status-publish","4":"has-post-thumbnail","6":"product_cat-cortadoras-biseladoras-biselado-tubos-dwt","7":"product-grid-view","9":"first","10":"instock","11":"shipping-taxable","12":"product-type-simple"},"aioseo_notices":[],"_links":{"self":[{"href":"https:\/\/sea-sa.com.mx\/site\/wp-json\/wp\/v2\/product\/11248","targetHints":{"allow":["GET"]}}],"collection":[{"href":"https:\/\/sea-sa.com.mx\/site\/wp-json\/wp\/v2\/product"}],"about":[{"href":"https:\/\/sea-sa.com.mx\/site\/wp-json\/wp\/v2\/types\/product"}],"wp:featuredmedia":[{"embeddable":true,"href":"https:\/\/sea-sa.com.mx\/site\/wp-json\/wp\/v2\/media\/11253"}],"wp:attachment":[{"href":"https:\/\/sea-sa.com.mx\/site\/wp-json\/wp\/v2\/media?parent=11248"}],"wp:term":[{"taxonomy":"product_brand","embeddable":true,"href":"https:\/\/sea-sa.com.mx\/site\/wp-json\/wp\/v2\/product_brand?post=11248"},{"taxonomy":"product_cat","embeddable":true,"href":"https:\/\/sea-sa.com.mx\/site\/wp-json\/wp\/v2\/product_cat?post=11248"},{"taxonomy":"product_tag","embeddable":true,"href":"https:\/\/sea-sa.com.mx\/site\/wp-json\/wp\/v2\/product_tag?post=11248"}],"curies":[{"name":"wp","href":"https:\/\/api.w.org\/{rel}","templated":true}]}}