{"id":11034,"date":"2022-10-03T18:00:51","date_gmt":"2022-10-03T18:00:51","guid":{"rendered":"https:\/\/sea-sa.com.mx\/site\/?post_type=product&#038;p=11034"},"modified":"2022-10-06T18:19:15","modified_gmt":"2022-10-06T18:19:15","slug":"proarc-wo-15-weaving-oscillator-proarc","status":"publish","type":"product","link":"https:\/\/sea-sa.com.mx\/site\/producto\/proarc-wo-15-weaving-oscillator-proarc\/","title":{"rendered":"Oscilador ProArc WO-15"},"content":{"rendered":"<p>Incluye:<\/p>\n<ol>\n<li style=\"list-style-type: none;\">\n<ol>\n<li>Cabeza del oscilador<\/li>\n<li>Diapositivas de ajuste manual de la cabeza del oscilador 50x50mm<\/li>\n<li>Soporte antorcha \u00d835mm<\/li>\n<li>Caja de control del oscilador<\/li>\n<li>Adaptador de corriente AC110V~230V<\/li>\n<\/ol>\n<\/li>\n<\/ol>\n<p><iframe loading=\"lazy\" width=\"560\" height=\"315\" src=\"https:\/\/www.youtube.com\/embed\/DpZhKaApaDY\" title=\"YouTube video player\" frameborder=\"0\" allow=\"accelerometer; autoplay; clipboard-write; encrypted-media; gyroscope; picture-in-picture\" allowfullscreen><\/iframe><\/p>\n","protected":false},"excerpt":{"rendered":"<p id=\"tw-target-text\" class=\"tw-data-text tw-text-large tw-ta\" dir=\"ltr\" data-placeholder=\"Traducci\u00f3n\">El oscilador ProArc WO-15 es perfecto para la manipulaci\u00f3n autom\u00e1tica del arco mediante el uso de la oscilaci\u00f3n mec\u00e1nica del arco. Es adecuado para procesos autom\u00e1ticos MIG\/MAG en industrias de fabricaci\u00f3n pesada. Hay cuatro par\u00e1metros ajustables (ancho de oscilaci\u00f3n, velocidad de oscilaci\u00f3n, tiempo de permanencia de oscilaci\u00f3n en ambos extremos) que se controlan mediante un panel de control simple. El oscilador ProArc WO-15 puede funcionar como dispositivo independiente o ser parte de un sistema de soldadura m\u00e1s avanzado.<\/p>\n[fusion_button link=\"https:\/\/sea-sa.com.mx\/site\/contacto-empresa-soldadura-equipos-antorchas\/?interes=Circumferential Welding System E.Z.\" text_transform=\"\" title=\"Cont\u00e1ctanos para asesorarte\" target=\"_self\" link_attributes=\"\" alignment=\"center\" modal=\"\" hide_on_mobile=\"small-visibility,medium-visibility,large-visibility\" class=\"\" id=\"\" color=\"custom\" button_gradient_top_color=\"#ba0000\" button_gradient_bottom_color=\"#a50000\" button_gradient_top_color_hover=\"#a50000\" button_gradient_bottom_color_hover=\"#ba0000\" accent_color=\"#ffffff\" accent_hover_color=\"#eaeaea\" type=\"\" bevel_color=\"\" border_width=\"\" size=\"large\" stretch=\"default\" shape=\"pill\" icon=\"fa-info-circle fas\" icon_position=\"left\" icon_divider=\"yes\" animation_type=\"\" animation_direction=\"left\" animation_speed=\"0.3\" animation_offset=\"\"]SOLICITAR INFORMACI\u00d3N[\/fusion_button]\n","protected":false},"featured_media":11035,"template":"","meta":{"ngg_post_thumbnail":0},"product_brand":[],"product_cat":[66,73],"product_tag":[81],"class_list":{"0":"post-11034","1":"product","2":"type-product","3":"status-publish","4":"has-post-thumbnail","6":"product_cat-posicionadores-manuipuladores-soldadura-proarc","7":"product_cat-novedades-equipos-soldadura-welding-news","8":"product_tag-proarc","9":"product-grid-view","11":"first","12":"instock","13":"shipping-taxable","14":"product-type-simple"},"aioseo_notices":[],"_links":{"self":[{"href":"https:\/\/sea-sa.com.mx\/site\/wp-json\/wp\/v2\/product\/11034","targetHints":{"allow":["GET"]}}],"collection":[{"href":"https:\/\/sea-sa.com.mx\/site\/wp-json\/wp\/v2\/product"}],"about":[{"href":"https:\/\/sea-sa.com.mx\/site\/wp-json\/wp\/v2\/types\/product"}],"wp:featuredmedia":[{"embeddable":true,"href":"https:\/\/sea-sa.com.mx\/site\/wp-json\/wp\/v2\/media\/11035"}],"wp:attachment":[{"href":"https:\/\/sea-sa.com.mx\/site\/wp-json\/wp\/v2\/media?parent=11034"}],"wp:term":[{"taxonomy":"product_brand","embeddable":true,"href":"https:\/\/sea-sa.com.mx\/site\/wp-json\/wp\/v2\/product_brand?post=11034"},{"taxonomy":"product_cat","embeddable":true,"href":"https:\/\/sea-sa.com.mx\/site\/wp-json\/wp\/v2\/product_cat?post=11034"},{"taxonomy":"product_tag","embeddable":true,"href":"https:\/\/sea-sa.com.mx\/site\/wp-json\/wp\/v2\/product_tag?post=11034"}],"curies":[{"name":"wp","href":"https:\/\/api.w.org\/{rel}","templated":true}]}}