{"id":10204,"date":"2022-04-22T16:41:38","date_gmt":"2022-04-22T16:41:38","guid":{"rendered":"https:\/\/sea-sa.com.mx\/site\/?post_type=product&#038;p=10204"},"modified":"2022-04-22T17:10:43","modified_gmt":"2022-04-22T17:10:43","slug":"escape-del-quemador-vacufil-compact-kemper","status":"publish","type":"product","link":"https:\/\/sea-sa.com.mx\/site\/producto\/escape-del-quemador-vacufil-compact-kemper\/","title":{"rendered":"VacuFil Compact &#8211; Kemper"},"content":{"rendered":"<p><strong>APLICACIONES<\/strong><\/p>\n<ul>\n<li>Cantidades moderadas de humo\/polvo<\/li>\n<li>Uso regular<\/li>\n<li>Antorchas con aspiraci\u00f3n<\/li>\n<li>Puestos de trabajo variables<\/li>\n<\/ul>\n<p><strong>VENTAJAS<\/strong><\/p>\n<ul>\n<li>Pre selecci\u00f3n continua de la potencia de succi\u00f3n para el uso de varias antorchas de succi\u00f3n<\/li>\n<li>Uso intuitivo con un solo bot\u00f3n, incluso con guantes<\/li>\n<li>Excelente relaci\u00f3n calidad-precio gracias a una amplia gama de equipo adicional<\/li>\n<li>Gran capacidad de aspiraci\u00f3n gracias al compresor de canal lateral<\/li>\n<li>Adecuado para puestos de trabajo cambiantes gracias a su dise\u00f1o compacto<\/li>\n<\/ul>\n<p><strong>CARACTER\u00cdSTICAS<\/strong><\/p>\n<ul>\n<li>Gran superficie de filtraci\u00f3n<\/li>\n<li>Compresor de canal lateral<\/li>\n<li>Cartucho de filtro PE-M de KemTex<\/li>\n<li>Uso intuitivo con un solo bot\u00f3n<\/li>\n<li>Selecci\u00f3n del volumen de aire sin etapas<\/li>\n<li>Toma de carga USB tipo A<\/li>\n<li>Dise\u00f1o compacto<\/li>\n<li>Control de la potencia de aspiraci\u00f3n<\/li>\n<\/ul>\n<p><strong>EQUIPAMIENTO ADICIONAL<\/strong><\/p>\n<ul>\n<li>Marcha-paro autom\u00e1tico<\/li>\n<li>Control autom\u00e1tico del volumen de aire<\/li>\n<li>Bandeja de herramientas con portavasos<\/li>\n<li>Manguera de aspiraci\u00f3n<\/li>\n<li>Boquilla ranurada y c\u00f3nica<\/li>\n<li>Conexiones para antorchas de soldadura<\/li>\n<\/ul>\n<p><strong>FILTRO<\/strong><\/p>\n<div class=\"row\">\n<div class=\"col-md-6 col-xs-12\">\n<div class=\"row\">\n<div class=\"col-xs-6\">\n<p>Niveles de filtraci\u00f3n &#8211; 1<\/p>\n<\/div>\n<\/div>\n<\/div>\n<\/div>\n<div class=\"row\">\n<div class=\"col-md-6 col-xs-12\">\n<div class=\"border-top\">M\u00e9todo de filtraci\u00f3n &#8211; Filtro de almacenamiento<\/div>\n<\/div>\n<\/div>\n<div class=\"row\">\n<div class=\"col-md-6 col-xs-12\">\n<div class=\"row\">\n<div class=\"col-xs-6\">\n<p>Superficie del filtro &#8211; 6.7 m\u00b2<\/p>\n<\/div>\n<\/div>\n<\/div>\n<\/div>\n<div class=\"row\">\n<div class=\"col-md-6 col-xs-12\">\n<div class=\"row\">\n<div class=\"col-xs-6\">\n<p>Tipo de filtro &#8211; Cartucho de filtraci\u00f3n<\/p>\n<\/div>\n<\/div>\n<\/div>\n<\/div>\n<div class=\"row\">\n<div class=\"col-md-6 col-xs-12\">\n<div class=\"row\">\n<div class=\"col-xs-6\">\n<p>Material del filtro &#8211; Membrana de PE-M<\/p>\n<\/div>\n<\/div>\n<\/div>\n<\/div>\n<div class=\"row\">\n<div class=\"col-md-6 col-xs-12\">\n<div class=\"row\">\n<div class=\"col-xs-6\">\n<p>Grado de filtraci\u00f3n &#8211; &gt; 99.9 %<\/p>\n<\/div>\n<\/div>\n<\/div>\n<\/div>\n<div class=\"row\">\n<div class=\"col-md-6 col-xs-12\">\n<div class=\"row\">\n<div class=\"col-xs-6\">\n<p>Clasificaci\u00f3n de polvo &#8211; M<\/p>\n<\/div>\n<\/div>\n<\/div>\n<\/div>\n<p><strong>DATOS B\u00c1SICOS<\/strong><\/p>\n<div class=\"row\">\n<div class=\"col-md-6 col-xs-12\">\n<div class=\"row\">\n<div class=\"col-xs-6\">\n<p>Potencia m\u00e1xima &#8211; 160 m\u00b3\/h<\/p>\n<\/div>\n<\/div>\n<\/div>\n<\/div>\n<div class=\"row\">\n<div class=\"col-md-6 col-xs-12\">\n<div class=\"row\">\n<div class=\"col-xs-6\">\n<p>Potencia a 18000 Pa &#8211; 50 m\u00b3\/h<\/p>\n<\/div>\n<\/div>\n<\/div>\n<\/div>\n<div class=\"row\">\n<div class=\"col-md-6 col-xs-12\">\n<div class=\"row\">\n<div class=\"col-xs-6\">\n<p>Presi\u00f3n m\u00e1xima &#8211; 24000 Pa<\/p>\n<p>Medidas (A x A x E) &#8211; 589 x 590.5 x 833 mm<\/p>\n<\/div>\n<\/div>\n<\/div>\n<\/div>\n<div class=\"row\">\n<div class=\"col-md-6 col-xs-12\">\n<div class=\"row\">\n<div class=\"col-xs-6\">\n<p>Peso &#8211; 60 kg<\/p>\n<\/div>\n<\/div>\n<\/div>\n<\/div>\n<div class=\"row\">\n<div class=\"col-md-6 col-xs-12\">\n<div class=\"row\">\n<div class=\"col-xs-6\">\n<p>Motor &#8211; 1.5 kW<\/p>\n<\/div>\n<\/div>\n<\/div>\n<\/div>\n<div class=\"row\">\n<div class=\"col-md-6 col-xs-12\">\n<div class=\"row\">\n<div class=\"col-xs-6\">\n<p>Voltaje &#8211; 1 x 230 V \/ 50 Hz<\/p>\n<\/div>\n<\/div>\n<\/div>\n<\/div>\n<div class=\"row\">\n<div class=\"col-md-6 col-xs-12\">\n<div class=\"row\">\n<div class=\"col-xs-6\">\n<p>Corriente nominal &#8211; 13 A<\/p>\n<\/div>\n<\/div>\n<\/div>\n<\/div>\n","protected":false},"excerpt":{"rendered":"<p>La unidad compacta de extracci\u00f3n de alto vac\u00edo VacuFil est\u00e1 dise\u00f1ada para cantidades medias de humos y polvo de soldadura. Tiene un gran filtro desechable y un c\u00f3modo funcionamiento con un solo bot\u00f3n, incluso con guantes. Amplia gama de accesorios, como el control autom\u00e1tico del volumen de aire. El compresor de canal lateral para la generaci\u00f3n de presi\u00f3n negativa asegura un rendimiento robusto para los usuarios industriales.<\/p>\n[fusion_button link=\"https:\/\/sea-sa.com.mx\/site\/contacto-empresa-soldadura-equipos-antorchas\/?interes=AirCO2NTROL Kemper\" text_transform=\"\" title=\"Cont\u00e1ctanos para asesorarte\" target=\"_self\" link_attributes=\"\" alignment=\"center\" modal=\"\" hide_on_mobile=\"small-visibility,medium-visibility,large-visibility\" class=\"\" id=\"\" color=\"custom\" button_gradient_top_color=\"#ba0000\" button_gradient_bottom_color=\"#a50000\" button_gradient_top_color_hover=\"#a50000\" button_gradient_bottom_color_hover=\"#ba0000\" accent_color=\"#ffffff\" accent_hover_color=\"#eaeaea\" type=\"\" bevel_color=\"\" border_width=\"\" size=\"large\" stretch=\"default\" shape=\"pill\" icon=\"fa-info-circle fas\" icon_position=\"left\" icon_divider=\"yes\" animation_type=\"\" animation_direction=\"left\" animation_speed=\"0.3\" animation_offset=\"\"]SOLICITAR INFORMACI\u00d3N[\/fusion_button]\n<p>&nbsp;<\/p>\n","protected":false},"featured_media":10205,"template":"","meta":{"ngg_post_thumbnail":0},"product_brand":[],"product_cat":[55],"product_tag":[],"class_list":{"0":"post-10204","1":"product","2":"type-product","3":"status-publish","4":"has-post-thumbnail","6":"product_cat-unidad-movil-extractor-humo-mexico-soldadura-antorchas","7":"product-grid-view","9":"first","10":"instock","11":"shipping-taxable","12":"product-type-simple"},"aioseo_notices":[],"_links":{"self":[{"href":"https:\/\/sea-sa.com.mx\/site\/wp-json\/wp\/v2\/product\/10204","targetHints":{"allow":["GET"]}}],"collection":[{"href":"https:\/\/sea-sa.com.mx\/site\/wp-json\/wp\/v2\/product"}],"about":[{"href":"https:\/\/sea-sa.com.mx\/site\/wp-json\/wp\/v2\/types\/product"}],"wp:featuredmedia":[{"embeddable":true,"href":"https:\/\/sea-sa.com.mx\/site\/wp-json\/wp\/v2\/media\/10205"}],"wp:attachment":[{"href":"https:\/\/sea-sa.com.mx\/site\/wp-json\/wp\/v2\/media?parent=10204"}],"wp:term":[{"taxonomy":"product_brand","embeddable":true,"href":"https:\/\/sea-sa.com.mx\/site\/wp-json\/wp\/v2\/product_brand?post=10204"},{"taxonomy":"product_cat","embeddable":true,"href":"https:\/\/sea-sa.com.mx\/site\/wp-json\/wp\/v2\/product_cat?post=10204"},{"taxonomy":"product_tag","embeddable":true,"href":"https:\/\/sea-sa.com.mx\/site\/wp-json\/wp\/v2\/product_tag?post=10204"}],"curies":[{"name":"wp","href":"https:\/\/api.w.org\/{rel}","templated":true}]}}