{"id":333,"date":"2015-02-23T04:04:31","date_gmt":"2015-02-23T04:04:31","guid":{"rendered":"http:\/\/sea-sa.com.mx\/site\/?page_id=333"},"modified":"2020-05-14T03:11:02","modified_gmt":"2020-05-14T03:11:02","slug":"antorchas-automaticas-tig","status":"publish","type":"page","link":"https:\/\/sea-sa.com.mx\/site\/antorchas-automaticas-tig\/","title":{"rendered":"Antorchas Autom\u00e1ticas TIG"},"content":{"rendered":"<p>[vc_row][vc_column width=&#8221;1\/1&#8243;][vc_column_text][title class=&#8221;titulos&#8221; size=&#8221;3&#8243;] [\/title][\/vc_column_text][\/vc_column][\/vc_row][vc_row][vc_column width=&#8221;1\/3&#8243;][vc_column_text]<img loading=\"lazy\" decoding=\"async\" class=\"lazyload imgborder aligncenter\" title=\"Antorchas manuales de TBi Industries para la aplicaci\u00f3n de soldadura por proceso TIG\" src=\"data:image\/svg+xml,%3Csvg%20xmlns%3D%27http%3A%2F%2Fwww.w3.org%2F2000%2Fsvg%27%20width%3D%27260%27%20height%3D%27330%27%20viewBox%3D%270%200%20260%20330%27%3E%3Crect%20width%3D%27260%27%20height%3D%273330%27%20fill-opacity%3D%220%22%2F%3E%3C%2Fsvg%3E\" data-orig-src=\"..\/..\/images\/antorchas_automaticas-tig\/antorchas-automaticas-tig.jpg\" alt=\"Antorchas manuales de TBi Industries para la aplicaci\u00f3n de soldadura por proceso TIG\" width=\"260\" height=\"330\" \/>[\/vc_column_text][\/vc_column][vc_column width=&#8221;2\/3&#8243;][vc_column_text css_animation=&#8221;bottom-to-top&#8221;]<span style=\"font-family: Arial, Helvetica, sans-serif; font-size: large; color: #2a7db5;\"><strong>Antorchas de Soldadura \/ Welding Torches \/ Torches de Soudage<\/strong><\/span><\/p>\n<p>En<strong> Soldadura y Equipos Autom\u00e1ticos S.A de C.V<\/strong> contamos con las antorchas autom\u00e1ticas para soldadura por proceso TIG (Tungsten Inert Gas) que usted necesita.<\/p>\n<p style=\"margin: 5px;\" align=\"left\">La soldadura TIG se caracter\u00edza por el empleo de un electrodopermanente de tungsteno, en ocasiones aleado con torio o zirconio en porcentajes no superiores a un 2%. Dada su alta resistencia a la temperatura del tungsteno (funde a 3410\u00b0C), adem\u00e1s de la protecci\u00f3n del gas, la punta del electrodo apenas se desgasta tras un uso prolongado, los gases m\u00e1s utilizados para la protecci\u00f3n del arco en esta soldadura son el arg\u00f3n y el helio, o mezclas de ambos.<\/p>\n<p style=\"margin: 5px;\" align=\"left\">La gran ventaja de este m\u00e9todo de soldadura es b\u00e1sicamente la obtenci\u00f3n de cordones m\u00e1s resistentes, m\u00e1s d\u00factiles y menos sensibles a la corrosi\u00f3n que en el resto de procedimientos. Adem\u00e1s simplifica notablemente el soldeo de metales ferrosos y no ferrosos, y permite obtener soldaduras limpias y uniformes debido a la escasez de humos y proyecciones permitiendo al soldador ver claramente lo que est\u00e1 haciendo en todo momento, brindado calidad en la soldadura.<\/p>\n<p><span style=\"font-family: Arial, Helvetica, sans-serif; font-size: large; color: #2a7db5;\"><strong>Caracter\u00edsticas<\/strong><\/span><\/p>\n<p>&#8211; Cables y conexiones est\u00e1n disponibles en diversas configuraciones.<br \/>\n&#8211; Electrodo ajustable en altura incluso cuando la antorcha esta trabajando.<br \/>\n&#8211; Grande selecci\u00f3n de piezas de recambio.[\/vc_column_text][\/vc_column][\/vc_row][vc_row][vc_column width=&#8221;1\/1&#8243;][vc_column_text][separator style_type=&#8221;double&#8221; top_margin=&#8221;0&#8243; bottom_margin=&#8221;0&#8243; sep_color=&#8221;#d6d6d6&#8243; icon=&#8221;&#8221; width=&#8221;&#8221; class=&#8221;&#8221; id=&#8221;&#8221;][\/vc_column_text][\/vc_column][\/vc_row][vc_row][vc_column width=&#8221;1\/1&#8243;][vc_column_text css_animation=&#8221;bottom-to-top&#8221;]<span style=\"font-family: Arial, Helvetica, sans-serif; font-size: large; color: #2a7db5;\"><strong>Modelos de Antorchas Autom\u00e1ticas TIG Enfriadas por Gas<\/strong><\/span><br \/>\n[flip_boxes columns=&#8221;4&#8243; class=&#8221;&#8221; id=&#8221;&#8221;]<br \/>\n<a href=\"http:\/\/sea-sa.com.mx\/site\/contacto-empresa-soldadura-equipos-antorchas\/?interes=TBi SR 9 P (Aut)\">[flip_box title_front=&#8221;TBi SR 9 P (Aut)&#8221; border_radius=&#8221;4px&#8221; image=&#8221;..\/..\/images\/antorchas_automaticas-tig\/antorcha_automatica_soldadura_tig_sr9.jpg&#8221; image_width=&#8221;180&#8243; image_height=&#8221;87&#8243;]<span style=\"color: #ffffff;\">60% (10 min)<br \/>\nAC: 80 A<br \/>\nDC: 110 A<br \/>\n\u00d8 0.5 &#8211; 1.6 mm <\/span>[\/flip_box]<\/a><a href=\"http:\/\/sea-sa.com.mx\/site\/contacto-empresa-soldadura-equipos-antorchas\/?interes=TBi SR 26 P (Aut) \">[flip_box title_front=&#8221;TBi SR 26 P (Aut)&#8221; border_radius=&#8221;4px&#8221; image=&#8221;..\/..\/images\/antorchas_automaticas-tig\/antorcha_automatica_soldadura_tig_26.jpg&#8221; image_width=&#8221;180&#8243; image_height=&#8221;87&#8243;]<span style=\"color: #ffffff;\">60% (10 min)<br \/>\nAC: 170 A<br \/>\nDC: 240 A<br \/>\n\u00d8 0.5 &#8211; 4.0 mm <\/span> [\/flip_box]<\/a><a href=\"http:\/\/sea-sa.com.mx\/site\/contacto-empresa-soldadura-equipos-antorchas\/?interes=TBi Aut 22G\">[flip_box title_front=&#8221;TBi Aut 22G&#8221; border_radius=&#8221;4px&#8221; image=&#8221;..\/..\/images\/antorchas_automaticas-tig\/antorcha_automatica_soldadura_tig_22g.jpg&#8221; image_width=&#8221;180&#8243; image_height=&#8221;87&#8243;]<span style=\"color: #ffffff;\">60% (10 min)<br \/>\nAC: 105 A<br \/>\nDC: 150 A<br \/>\n\u00d8 0.5 &#8211; 3.2 mm <\/span>[\/flip_box]<\/a>[\/flip_boxes][\/vc_column_text][\/vc_column][\/vc_row][vc_row][vc_column width=&#8221;1\/1&#8243;][vc_column_text]<span style=\"font-family: Arial, Helvetica, sans-serif; font-size: large; color: #2a7db5;\"><strong>Modelos de Antorchas Autom\u00e1ticas TIG Enfriadas por Agua<\/strong><\/span><br \/>\n[flip_boxes columns=&#8221;4&#8243; class=&#8221;&#8221; id=&#8221;&#8221;]<br \/>\n<a href=\"http:\/\/sea-sa.com.mx\/site\/contacto-empresa-soldadura-equipos-antorchas\/?interes=TBi SR 18 P (Aut)\">[flip_box title_front=&#8221;TBi SR 18 P (Aut)&#8221; border_radius=&#8221;4px&#8221; image=&#8221;..\/..\/images\/antorchas_automaticas-tig\/antorcha_automatica_soldadura_tig_18.jpg&#8221; image_width=&#8221;180&#8243; image_height=&#8221;87&#8243;]<span style=\"color: #ffffff;\">100% (10 min)<br \/>\nAC: 225 A<br \/>\nDC: 320 A<br \/>\n\u00d8 0.5 &#8211; 4.0 mm<\/span>[\/flip_box]<\/a><a href=\"http:\/\/sea-sa.com.mx\/site\/contacto-empresa-soldadura-equipos-antorchas\/?interes=TBi Aut 27\">[flip_box title_front=&#8221;TBi Aut 27&#8243; border_radius=&#8221;4px&#8221; image=&#8221;..\/..\/images\/antorchas_automaticas-tig\/antorcha_automatica_soldadura_tig_27.jpg&#8221; image_width=&#8221;180&#8243; image_height=&#8221;87&#8243;]<span style=\"color: #ffffff;\">100% (10 min)<br \/>\nAC: 350 A<br \/>\nDC: 500 A<br \/>\n\u00d8 1.6 &#8211; 6.4 mm <\/span> [\/flip_box]<\/a><a href=\"http:\/\/sea-sa.com.mx\/site\/contacto-empresa-soldadura-equipos-antorchas\/?interes=TBi AT 410(S)\">[flip_box title_front=&#8221;TBi AT 410(S)&#8221; border_radius=&#8221;4px&#8221; image=&#8221;..\/..\/images\/antorchas_automaticas-tig\/antorcha_automatica_soldadura_tig_410.jpg&#8221; image_width=&#8221;180&#8243; image_height=&#8221;87&#8243;]<span style=\"color: #ffffff;\">100% (10 min)<br \/>\nAC: 280 A<br \/>\nDC: 400 A<br \/>\n\u00d8 1.0 &#8211; 4.8 mm <\/span> [\/flip_box]<\/a><a href=\"http:\/\/sea-sa.com.mx\/site\/contacto-empresa-soldadura-equipos-antorchas\/?interes=TBi SR 20 P (Aut) STD\">[flip_box title_front=&#8221;TBi SR 20 P Aut STD&#8221; border_radius=&#8221;4px&#8221; image=&#8221;..\/..\/images\/antorchas_automaticas-tig\/antorcha_automatica_soldadura_tig_sr20p-std.jpg&#8221; image_width=&#8221;180&#8243; image_height=&#8221;87&#8243;]<span style=\"color: #ffffff;\">100% (10 min)<br \/>\nAC: 160 A<br \/>\nDC: 220 A<br \/>\n\u00d8 0.5 &#8211; 3.2 mm <\/span>[\/flip_box]<\/a><a href=\"http:\/\/sea-sa.com.mx\/site\/contacto-empresa-soldadura-equipos-antorchas\/?interes=TBi SR 20 P (Aut) Mini\">[flip_box title_front=&#8221;TBi SR 20 P Aut Mini&#8221; border_radius=&#8221;4px&#8221; image=&#8221;..\/..\/images\/antorchas_automaticas-tig\/antorcha_automatica_soldadura_tig_sr20p.jpg&#8221; image_width=&#8221;180&#8243; image_height=&#8221;87&#8243;]<span style=\"color: #ffffff;\">100% (10 min)<br \/>\nAC: 105 A<br \/>\nDC: 140 A<br \/>\n\u00d8 0.5 &#8211; 3.2 mm <\/span>[\/flip_box]<\/a><a href=\"http:\/\/sea-sa.com.mx\/site\/contacto-empresa-soldadura-equipos-antorchas\/?interes=TBi Aut 22W (L)\">[flip_box title_front=&#8221;TBi Aut 22W (L)&#8221; border_radius=&#8221;4px&#8221; image=&#8221;..\/..\/images\/antorchas_automaticas-tig\/antorcha_automatica_soldadura_tig_22w.jpg&#8221; image_width=&#8221;180&#8243; image_height=&#8221;87&#8243;]<span style=\"color: #ffffff;\">100% (10 min)<br \/>\nAC: 160 A<br \/>\nDC: 220 A<br \/>\n\u00d8 0.5 &#8211; 3.2 mm <\/span> [\/flip_box]<\/a><a href=\"http:\/\/sea-sa.com.mx\/site\/contacto-empresa-soldadura-equipos-antorchas\/?interes=TBi Aut 600S\">[flip_box title_front=&#8221;TBi Aut 600S&#8221; border_radius=&#8221;4px&#8221; image=&#8221;..\/..\/images\/antorchas_automaticas-tig\/antorcha_automatica_soldadura_tig_600.jpg&#8221; image_width=&#8221;180&#8243; image_height=&#8221;87&#8243;]<span style=\"color: #ffffff;\">100% (10 min)<br \/>\nAC: 350 A<br \/>\nDC: 500 A<br \/>\n\u00d8 1.0 &#8211; 4.8 mm <\/span> [\/flip_box]<\/a>[\/flip_boxes][\/vc_column_text][\/vc_column][\/vc_row][vc_row][vc_column width=&#8221;1\/2&#8243;][vc_column_text]<\/p>\n<p style=\"text-align: left;\"><a href=\"..\/..\/pdf\/wig_aut_e.pdf\"><img loading=\"lazy\" decoding=\"async\" class=\"lazyload alignleft wp-image-999 size-full\" title=\"Ver Cat\u00e1logo de antorchas autom\u00e1ticas para soldadura TIG de TBi Industries\" src=\"data:image\/svg+xml,%3Csvg%20xmlns%3D%27http%3A%2F%2Fwww.w3.org%2F2000%2Fsvg%27%20width%3D%27194%27%20height%3D%27169%27%20viewBox%3D%270%200%20194%20169%27%3E%3Crect%20width%3D%27194%27%20height%3D%273169%27%20fill-opacity%3D%220%22%2F%3E%3C%2Fsvg%3E\" data-orig-src=\"http:\/\/sea-sa.com.mx\/site\/wp-content\/uploads\/2015\/02\/catalogo-antorchas-automaticas-tig.jpg\" alt=\"Ver Cat\u00e1logo de antorchas autom\u00e1ticas para soldadura TIG de TBi Industries\" width=\"194\" height=\"169\" \/><\/a><br \/>\nDESCARGA EN PDF EL CAT\u00c1LOGO GENERAL DE ANTORCHAS AUTOM\u00c1TICAS DE TBI INDUSTRIES<\/p>\n<p>[\/vc_column_text][\/vc_column][vc_column width=&#8221;1\/2&#8243;][vc_column_text]<img loading=\"lazy\" decoding=\"async\" class=\"lazyload aligncenter size-full wp-image-273\" src=\"data:image\/svg+xml,%3Csvg%20xmlns%3D%27http%3A%2F%2Fwww.w3.org%2F2000%2Fsvg%27%20width%3D%27550%27%20height%3D%27150%27%20viewBox%3D%270%200%20550%20150%27%3E%3Crect%20width%3D%27550%27%20height%3D%273150%27%20fill-opacity%3D%220%22%2F%3E%3C%2Fsvg%3E\" data-orig-src=\"http:\/\/sea-sa.com.mx\/site\/wp-content\/uploads\/2015\/02\/ban-arcvisor.gif\" alt=\"ban-arcvisor\" width=\"550\" height=\"150\" \/>[\/vc_column_text][\/vc_column][\/vc_row][vc_row][vc_column width=&#8221;1\/1&#8243;][vc_column_text][separator style_type=&#8221;double&#8221; top_margin=&#8221;0&#8243; bottom_margin=&#8221;0&#8243; sep_color=&#8221;#d6d6d6&#8243; icon=&#8221;&#8221; width=&#8221;&#8221; class=&#8221;&#8221; id=&#8221;&#8221;][\/vc_column_text][\/vc_column][\/vc_row][vc_row][vc_column width=&#8221;1\/1&#8243;][vc_column_text]<\/p>\n<p style=\"text-align: center;\"><img class=\"lazyload\" loading=\"lazy\" decoding=\"async\" src=\"data:image\/svg+xml,%3Csvg%20xmlns%3D%27http%3A%2F%2Fwww.w3.org%2F2000%2Fsvg%27%20width%3D%2714%27%20height%3D%2719%27%20viewBox%3D%270%200%2014%2019%27%3E%3Crect%20width%3D%2714%27%20height%3D%27319%27%20fill-opacity%3D%220%22%2F%3E%3C%2Fsvg%3E\" data-orig-src=\"http:\/\/www.sea-sa.com.mx\/images\/click_aqui.jpg\" alt=\"\" width=\"14\" height=\"19\" align=\"absmiddle\" \/><span class=\"texto\"><strong>Cont\u00e1ctenos, con gusto estaremos respondiendo a sus dudas o comentarios. <span class=\"texto\"><a title=\"Click Aqu\u00ed\" href=\"http:\/\/sea-sa.com.mx\/site\/contacto-empresa-soldadura-equipos-antorchas\/?interes=Contacto desde Antorchas Autom\u00e1ticas TIG\">Click Aqu\u00ed.<\/a><\/span><\/strong><\/span><\/p>\n<p>[\/vc_column_text][\/vc_column][\/vc_row][vc_row][vc_column width=&#8221;1\/1&#8243;][vc_column_text][separator style_type=&#8221;double&#8221; top_margin=&#8221;0&#8243; bottom_margin=&#8221;0&#8243; sep_color=&#8221;#d6d6d6&#8243; icon=&#8221;&#8221; width=&#8221;&#8221; class=&#8221;&#8221; id=&#8221;&#8221;][\/vc_column_text][\/vc_column][\/vc_row][vc_row css=&#8221;.vc_custom_1424548365369{background-color: #f4f4f4 !important;}&#8221;][vc_column width=&#8221;1\/3&#8243;][vc_column_text]<\/p>\n<p style=\"text-align: center;\">S\u00edguenos, haz click:<\/p>\n<p>[\/vc_column_text][\/vc_column][vc_column width=&#8221;1\/6&#8243;][vc_column_text]<\/p>\n<div class=\"fb-like\" style=\"text-align: center;\" data-layout=\"button_count\" data-href=\"https:\/\/www.facebook.com\/seasamx\"><\/div>\n<p>[\/vc_column_text][\/vc_column][vc_column width=&#8221;1\/12&#8243;][vc_column_text]<\/p>\n<div class=\"g-ytsubscribe\" style=\"text-align: center;\" data-channel=\"seasacommx\"><\/div>\n<p>[\/vc_column_text][\/vc_column][vc_column width=&#8221;1\/3&#8243;][\/vc_column][\/vc_row]<\/p>\n","protected":false},"excerpt":{"rendered":"<p>[vc_row][vc_column width=&#8221;1\/1&#8243;][vc_column_text][title class=&#8221;titulos&#8221; size=&#8221;3&#8243;] [\/title][\/vc_column_text][\/vc_column][\/vc_row][vc_row][vc_column width=&#8221;1\/3&#8243;][vc_column_text][\/vc_column_text][\/vc_column][vc_column width=&#8221;2\/3&#8243;][vc_column_text css_animation=&#8221;bottom-to-top&#8221;]Antorchas de Soldadura [&hellip;]<\/p>\n","protected":false},"author":1,"featured_media":0,"parent":0,"menu_order":0,"comment_status":"closed","ping_status":"closed","template":"","meta":{"ngg_post_thumbnail":0,"footnotes":""},"class_list":["post-333","page","type-page","status-publish","hentry"],"aioseo_notices":[],"_links":{"self":[{"href":"https:\/\/sea-sa.com.mx\/site\/wp-json\/wp\/v2\/pages\/333","targetHints":{"allow":["GET"]}}],"collection":[{"href":"https:\/\/sea-sa.com.mx\/site\/wp-json\/wp\/v2\/pages"}],"about":[{"href":"https:\/\/sea-sa.com.mx\/site\/wp-json\/wp\/v2\/types\/page"}],"author":[{"embeddable":true,"href":"https:\/\/sea-sa.com.mx\/site\/wp-json\/wp\/v2\/users\/1"}],"replies":[{"embeddable":true,"href":"https:\/\/sea-sa.com.mx\/site\/wp-json\/wp\/v2\/comments?post=333"}],"version-history":[{"count":2,"href":"https:\/\/sea-sa.com.mx\/site\/wp-json\/wp\/v2\/pages\/333\/revisions"}],"predecessor-version":[{"id":4603,"href":"https:\/\/sea-sa.com.mx\/site\/wp-json\/wp\/v2\/pages\/333\/revisions\/4603"}],"wp:attachment":[{"href":"https:\/\/sea-sa.com.mx\/site\/wp-json\/wp\/v2\/media?parent=333"}],"curies":[{"name":"wp","href":"https:\/\/api.w.org\/{rel}","templated":true}]}}