{"id":299,"date":"2015-02-23T01:17:04","date_gmt":"2015-02-23T01:17:04","guid":{"rendered":"http:\/\/sea-sa.com.mx\/site\/?page_id=299"},"modified":"2020-05-14T03:20:25","modified_gmt":"2020-05-14T03:20:25","slug":"antorchas-manuales-para-soldadura-tig","status":"publish","type":"page","link":"https:\/\/sea-sa.com.mx\/site\/antorchas-manuales-para-soldadura-tig\/","title":{"rendered":"Antorchas Manuales TIG"},"content":{"rendered":"<p>[vc_row][vc_column width=&#8221;1\/1&#8243;][vc_column_text][title class=&#8221;titulos&#8221; size=&#8221;3&#8243;] [\/title][\/vc_column_text][\/vc_column][\/vc_row][vc_row][vc_column width=&#8221;1\/3&#8243;][vc_column_text]<img loading=\"lazy\" decoding=\"async\" class=\"lazyload imgborder aligncenter\" title=\"Antorchas manuales de TBi Industries para la aplicaci\u00f3n de soldadura por proceso TIG\" src=\"data:image\/svg+xml,%3Csvg%20xmlns%3D%27http%3A%2F%2Fwww.w3.org%2F2000%2Fsvg%27%20width%3D%27260%27%20height%3D%27330%27%20viewBox%3D%270%200%20260%20330%27%3E%3Crect%20width%3D%27260%27%20height%3D%273330%27%20fill-opacity%3D%220%22%2F%3E%3C%2Fsvg%3E\" data-orig-src=\"..\/..\/images\/antorchas_manuales_tig\/antorchas_manuales_soldadura_tig.jpg\" alt=\"Antorchas manuales de TBi Industries para la aplicaci\u00f3n de soldadura por proceso TIG\" width=\"260\" height=\"330\" \/>[\/vc_column_text][\/vc_column][vc_column width=&#8221;2\/3&#8243;][vc_column_text css_animation=&#8221;bottom-to-top&#8221;]<span style=\"font-family: Arial, Helvetica, sans-serif; font-size: large; color: #2a7db5;\"><strong>Antorchas de Soldadura \/ Welding Torches \/ Torches de Soudage<\/strong><\/span><\/p>\n<p>En Soldadura y Equipos Autom\u00e1ticos S.A de C.V contamos con una gran variedad de antorchas manuales para la aplicaci\u00f3n de soldadura en proceso TIG (Tungsten Inert Gas).<\/p>\n<p>La soldadura TIG se caracter\u00edza por el empleo de un electrodopermanente de tungsteno, en ocasiones aleado con torio o zirconio en porcentajes no superiores a un 2%. Dada su alta resistencia a la temperatura del tungsteno (funde a 3410\u00b0C), adem\u00e1s de la protecci\u00f3n del gas, la punta del electrodo apenas se desgasta tras un uso prolongado, los gases m\u00e1s utilizados para la protecci\u00f3n del arco en esta soldadura son el arg\u00f3n y el helio, o mezclas de ambos.<br \/>\nLa gran ventaja de este m\u00e9todo de soldadura es b\u00e1sicamente la obtenci\u00f3n de cordones m\u00e1s resistentes, m\u00e1s d\u00factiles y menos sensibles a la corrosi\u00f3n que en el resto de procedimientos. Adem\u00e1s simplifica notablemente el soldeo de metales ferrosos y no ferrosos, y permite obtener soldaduras limpias y uniformes debido a la escasez de humos y proyecciones permitiendo al soldador ver claramente lo que est\u00e1 haciendo en todo momento, brindado calidad en la soldadura.<\/p>\n<p><span style=\"font-family: Arial, Helvetica, sans-serif; font-size: large; color: #2a7db5;\"><strong>Caracter\u00edsticas<\/strong><\/span><br \/>\n&#8211; Mango de sujeci\u00f3n ergon\u00f3mico, con interruptor opcional para el potenci\u00f3metro.<br \/>\n&#8211; Ensamble de cables viene con soporte giratorio en el mango de sujeci\u00f3n.<br \/>\n&#8211; Cable mono altamente flexible.<br \/>\n&#8211; Cable de control protegido.<br \/>\n&#8211; Resistencia al alto voltaje hasta 10kV.[\/vc_column_text][\/vc_column][\/vc_row][vc_row][vc_column width=&#8221;1\/1&#8243;][vc_column_text][separator style_type=&#8221;double&#8221; top_margin=&#8221;0&#8243; bottom_margin=&#8221;0&#8243; sep_color=&#8221;#d6d6d6&#8243; icon=&#8221;&#8221; width=&#8221;&#8221; class=&#8221;&#8221; id=&#8221;&#8221;][\/vc_column_text][\/vc_column][\/vc_row][vc_row][vc_column width=&#8221;1\/1&#8243;][vc_column_text css_animation=&#8221;bottom-to-top&#8221;]<span style=\"font-family: Arial, Helvetica, sans-serif; font-size: large; color: #2a7db5;\"><strong>Modelos de Antorchas Manuales TIG Enfriadas por Aire<\/strong><\/span><br \/>\n[flip_boxes columns=&#8221;4&#8243; class=&#8221;&#8221; id=&#8221;&#8221;]<br \/>\n<a href=\"http:\/\/sea-sa.com.mx\/site\/contacto-empresa-soldadura-equipos-antorchas\/?interes=Antorcha TBi SR 9 (FX) \/ 9V (FX)\">[flip_box title_front=&#8221;TBi SR 9 (FX) \/ 9V (FX)&#8221; border_radius=&#8221;4px&#8221; image=&#8221;..\/..\/images\/antorchas_manuales_tig\/001_antorcha_manual_tig_sr9.jpg&#8221; image_width=&#8221;180&#8243; image_height=&#8221;87&#8243;]<span style=\"color: #ffffff;\">Rating AC: 95A (60%)<br \/>\nRating DC: 110A (60%)<br \/>\n\u00d8 0.5 &#8211; 1.6 mm <\/span>[\/flip_box]<\/a><a href=\"http:\/\/sea-sa.com.mx\/site\/contacto-empresa-soldadura-equipos-antorchas\/?interes=Antorcha TBi SR 17 (FX) \/ 17V (FX)\">[flip_box title_front=&#8221;TBi SR 17 (FX) \/ 17V (FX)&#8221; border_radius=&#8221;4px&#8221; image=&#8221;..\/..\/images\/antorchas_manuales_tig\/002_antorcha_tig_sr17.jpg&#8221; image_width=&#8221;180&#8243; image_height=&#8221;87&#8243;]<span style=\"color: #ffffff;\">Rating AC: 125A (60%)<br \/>\nRating DC: 140A (60%)<br \/>\n\u00d8 0.5 &#8211; 2.4 mm<\/span> [\/flip_box]<\/a><a href=\"http:\/\/sea-sa.com.mx\/site\/contacto-empresa-soldadura-equipos-antorchas\/?interes=TBi SR 24G\">[flip_box title_front=&#8221;TBi SR 24G&#8221; border_radius=&#8221;4px&#8221; image=&#8221;..\/..\/images\/antorchas_manuales_tig\/003_manual_welding_torch_sr24g.jpg&#8221; image_width=&#8221;180&#8243; image_height=&#8221;87&#8243;]<span style=\"color: #ffffff;\">Rating AC: 95A (60%)<br \/>\nRating DC: 110A (60%)<br \/>\n\u00d8 0.5 &#8211; 1.6 mm <\/span>[\/flip_box]<\/a><a href=\"http:\/\/sea-sa.com.mx\/site\/contacto-empresa-soldadura-equipos-antorchas\/?interes=TBi SR 25G FX\">[flip_box title_front=&#8221;TBi SR 25G FX&#8221; border_radius=&#8221;4px&#8221; image=&#8221;..\/..\/images\/antorchas_manuales_tig\/004-antorcha_tbi_industries_sr25gfx.jpg&#8221; image_width=&#8221;180&#8243; image_height=&#8221;87&#8243;]<span style=\"color: #ffffff;\">Rating AC: 95A (60%)<br \/>\nRating DC: 110A (60%)<br \/>\n\u00d8 0.5 &#8211; 2.4 mm<\/span> [\/flip_box]<\/a><a href=\"http:\/\/sea-sa.com.mx\/site\/contacto-empresa-soldadura-equipos-antorchas\/?interes=TBi SR 26 (FX) \/ SR 26 V (FX)\">[flip_box title_front=&#8221;TBi SR 26 (FX) \/ SR 26 V (FX)&#8221; border_radius=&#8221;4px&#8221; image=&#8221;..\/..\/images\/antorchas_manuales_tig\/005-welding_tig_torches_sr26.jpg&#8221; image_width=&#8221;180&#8243; image_height=&#8221;87&#8243;]<span style=\"color: #ffffff;\">Rating AC: 200A (60%)<br \/>\nRating DC: 240A (60%)<br \/>\n\u00d8 0.5 &#8211; 4.0 mm<\/span>[\/flip_box]<\/a>[\/flip_boxes][\/vc_column_text][\/vc_column][\/vc_row][vc_row][vc_column width=&#8221;1\/1&#8243;][vc_column_text]<span style=\"font-family: Arial, Helvetica, sans-serif; font-size: large; color: #2a7db5;\"><strong>Modelos de Antorchas Manuales TIG\u00a0Enfriadas por Agua<\/strong><\/span><br \/>\n[flip_boxes columns=&#8221;4&#8243; class=&#8221;&#8221; id=&#8221;&#8221;]<br \/>\n<a href=\"http:\/\/sea-sa.com.mx\/site\/contacto-empresa-soldadura-equipos-antorchas\/?interes=SR 18 (FX) \/ SR 18 V (FX)\">[flip_box title_front=&#8221;SR18\/SR18V (FX)&#8221; border_radius=&#8221;4px&#8221; image=&#8221;..\/..\/images\/antorchas_manuales_tig\/006-tbi_industries-sr18.jpg&#8221; image_width=&#8221;180&#8243; image_height=&#8221;87&#8243;]<span style=\"color: #ffffff;\">Rating AC: 240 (100%)<br \/>\nRating DC: 320A (100%)<br \/>\n\u00d8 0.5 &#8211; 4.0 mm<\/span>[\/flip_box]<\/a><a href=\"http:\/\/sea-sa.com.mx\/site\/contacto-empresa-soldadura-equipos-antorchas\/?interes=SR 20 (FX) \/ SR 20 V (FX)\">[flip_box title_front=&#8221;SR20\/SR20V (FX)&#8221; border_radius=&#8221;4px&#8221; image=&#8221;..\/..\/images\/antorchas_manuales_tig\/007-tbi_industries-sr20.jpg&#8221; image_width=&#8221;180&#8243; image_height=&#8221;87&#8243;]<span style=\"color: #ffffff;\">Rating AC: 200A (100%)<br \/>\nRating DC: 220A (100%)<br \/>\n\u00d8 0.5 &#8211; 3.2 mm\u00a0<\/span>[\/flip_box]<\/a><a href=\"http:\/\/sea-sa.com.mx\/site\/contacto-empresa-soldadura-equipos-antorchas\/?interes=SR 21\">[flip_box title_front=&#8221;SR 21&#8243; border_radius=&#8221;4px&#8221; image=&#8221;..\/..\/images\/antorchas_manuales_tig\/008-tbi_industries-SR21.jpg&#8221; image_width=&#8221;180&#8243; image_height=&#8221;87&#8243;]<span style=\"color: #ffffff;\">Rating AC: 260A (100%)<br \/>\nRating DC: 340A (100%)<br \/>\n\u00d8 0.5 &#8211; 3.2 mm<\/span>[\/flip_box]<\/a><a href=\"http:\/\/sea-sa.com.mx\/site\/contacto-empresa-soldadura-equipos-antorchas\/?interes=SR 25W FX\">[flip_box title_front=&#8221;SR 25W FX&#8221; border_radius=&#8221;4px&#8221; image=&#8221;..\/..\/images\/antorchas_manuales_tig\/009&#8211;tbi_industries-sr25wfx.jpg&#8221; image_width=&#8221;180&#8243; image_height=&#8221;87&#8243;]<span style=\"color: #ffffff;\">Rating AC: 125A (100%)<br \/>\nRating DC: 140A (100%)<br \/>\n\u00d8 0.5 &#8211; 3.2 mm<\/span>\u00a0[\/flip_box]<\/a><a href=\"http:\/\/sea-sa.com.mx\/site\/contacto-empresa-soldadura-equipos-antorchas\/?interes=SR 24W (FX)\">[flip_box title_front=&#8221;SR 24W (FX)&#8221; border_radius=&#8221;4px&#8221; image=&#8221;..\/..\/images\/antorchas_manuales_tig\/010-tbi_industries-sr24w.jpg&#8221; image_width=&#8221;180&#8243; image_height=&#8221;87&#8243;]<span style=\"color: #ffffff;\">Rating AC: 125A (100%)<br \/>\nRating DC: 140A (100%)<br \/>\n\u00d8 0.5 &#8211; 2.4 mm\u00a0<\/span> [\/flip_box]<\/a><a href=\"http:\/\/sea-sa.com.mx\/site\/contacto-empresa-soldadura-equipos-antorchas\/?interes=AW 424\">[flip_box title_front=&#8221;AW 424&#8243; border_radius=&#8221;4px&#8221; image=&#8221;..\/..\/images\/antorchas_manuales_tig\/011-tbi_industries-aw424.jpg&#8221; image_width=&#8221;180&#8243; image_height=&#8221;87&#8243;]<span style=\"color: #ffffff;\">Rating AC: 280A (100%)<br \/>\nRating DC: 400A (100%)<br \/>\n\u00d8 0.5 &#8211; 4.0 mm\u00a0<\/span> [\/flip_box]<\/a><a href=\"http:\/\/sea-sa.com.mx\/site\/contacto-empresa-soldadura-equipos-antorchas\/?interes=AW 427\">[flip_box title_front=&#8221;AW 427&#8243; border_radius=&#8221;4px&#8221; image=&#8221;..\/..\/images\/antorchas_manuales_tig\/012-tbi_industries-aw427.jpg&#8221; image_width=&#8221;180&#8243; image_height=&#8221;87&#8243;]<span style=\"color: #ffffff;\">Rating AC: 350A (100%)<br \/>\nRating DC: 500A (100%)<br \/>\n\u00d8 0.5 &#8211; 8.0 mm <\/span> [\/flip_box]<\/a><a href=\"http:\/\/sea-sa.com.mx\/site\/contacto-empresa-soldadura-equipos-antorchas\/?interes=SR 400\">[flip_box title_front=&#8221;SR 400&#8243; border_radius=&#8221;4px&#8221; image=&#8221;..\/..\/images\/antorchas_manuales_tig\/013-tbi_industries-sr400.jpg&#8221; image_width=&#8221;180&#8243; image_height=&#8221;87&#8243;]<span style=\"color: #ffffff;\">Rating AC: 400A (100%)<br \/>\nRating DC: 450A (100%)<br \/>\n\u00d8 0.5 &#8211; 4.8 mm <\/span> [\/flip_box]<\/a><a href=\"http:\/\/sea-sa.com.mx\/site\/contacto-empresa-soldadura-equipos-antorchas\/?interes=SR 12\">[flip_box title_front=&#8221;SR 12&#8243; border_radius=&#8221;4px&#8221; image=&#8221;..\/..\/images\/antorchas_manuales_tig\/014-tbi_industries-sr12.jpg&#8221; image_width=&#8221;180&#8243; image_height=&#8221;87&#8243;]<span style=\"color: #ffffff;\">Rating AC: 450A (100%)<br \/>\nRating DC: 500A (100%)<br \/>\n\u00d8 1.6 &#8211; 6.4mm <\/span> [\/flip_box]<\/a>[\/flip_boxes][\/vc_column_text][\/vc_column][\/vc_row][vc_row][vc_column width=&#8221;1\/4&#8243;][vc_column_text][title class=&#8221;titulos&#8221; size=&#8221;3&#8243;]<br \/>\nDESCARGA EN PDF EL CAT\u00c1LOGO GENERAL DE ANTORCHAS MANUALES DE TBI INDUSTRIES [\/title]<\/p>\n<p><a href=\"..\/..\/pdf\/wig_precision_e.pdf\"><img loading=\"lazy\" decoding=\"async\" class=\"lazyload  alignleft\" title=\"Ver Cat\u00e1logo de la serie Top 2000 de antorchas manuales enfriadas por aire de TBi Industries\" src=\"data:image\/svg+xml,%3Csvg%20xmlns%3D%27http%3A%2F%2Fwww.w3.org%2F2000%2Fsvg%27%20width%3D%27194%27%20height%3D%27169%27%20viewBox%3D%270%200%20194%20169%27%3E%3Crect%20width%3D%27194%27%20height%3D%273169%27%20fill-opacity%3D%220%22%2F%3E%3C%2Fsvg%3E\" data-orig-src=\"..\/..\/images\/antorchas_mig\/ver_catalogo_modelos_tbi_top2000.jpg\" alt=\"Ver Cat\u00e1logo de la serie Top 2000 de antorchas manuales enfriadas por aire de TBi Industries\" width=\"194\" height=\"169\" \/><\/a>[\/vc_column_text][\/vc_column][vc_column width=&#8221;3\/4&#8243;][vc_column_text]<\/p>\n<p><img loading=\"lazy\" decoding=\"async\" class=\"lazyload aligncenter size-full wp-image-273\" src=\"data:image\/svg+xml,%3Csvg%20xmlns%3D%27http%3A%2F%2Fwww.w3.org%2F2000%2Fsvg%27%20width%3D%27550%27%20height%3D%27150%27%20viewBox%3D%270%200%20550%20150%27%3E%3Crect%20width%3D%27550%27%20height%3D%273150%27%20fill-opacity%3D%220%22%2F%3E%3C%2Fsvg%3E\" data-orig-src=\"http:\/\/sea-sa.com.mx\/site\/wp-content\/uploads\/2015\/02\/ban-arcvisor.gif\" alt=\"ban-arcvisor\" width=\"550\" height=\"150\" \/>[\/vc_column_text][\/vc_column][\/vc_row][vc_row][vc_column width=&#8221;1\/1&#8243;][vc_column_text][separator style_type=&#8221;double&#8221; top_margin=&#8221;0&#8243; bottom_margin=&#8221;0&#8243; sep_color=&#8221;#d6d6d6&#8243; icon=&#8221;&#8221; width=&#8221;&#8221; class=&#8221;&#8221; id=&#8221;&#8221;][\/vc_column_text][\/vc_column][\/vc_row][vc_row][vc_column width=&#8221;1\/1&#8243;][vc_column_text]<\/p>\n<p style=\"text-align: center;\"><img class=\"lazyload\" loading=\"lazy\" decoding=\"async\" src=\"data:image\/svg+xml,%3Csvg%20xmlns%3D%27http%3A%2F%2Fwww.w3.org%2F2000%2Fsvg%27%20width%3D%2714%27%20height%3D%2719%27%20viewBox%3D%270%200%2014%2019%27%3E%3Crect%20width%3D%2714%27%20height%3D%27319%27%20fill-opacity%3D%220%22%2F%3E%3C%2Fsvg%3E\" data-orig-src=\"http:\/\/www.sea-sa.com.mx\/images\/click_aqui.jpg\" alt=\"\" width=\"14\" height=\"19\" align=\"absmiddle\" \/><span class=\"texto\"><strong>Cont\u00e1ctenos, con gusto estaremos respondiendo a sus dudas o comentarios.\u00a0<span class=\"texto\"><a title=\"Click Aqu\u00ed\" href=\"http:\/\/sea-sa.com.mx\/site\/contacto-empresa-soldadura-equipos-antorchas\/?interes=Contacto desde Antorchas Manuales TIG\">Click Aqu\u00ed.<\/a><\/span><\/strong><\/span><\/p>\n<p>[\/vc_column_text][\/vc_column][\/vc_row][vc_row][vc_column width=&#8221;1\/1&#8243;][vc_column_text][separator style_type=&#8221;double&#8221; top_margin=&#8221;0&#8243; bottom_margin=&#8221;0&#8243; sep_color=&#8221;#d6d6d6&#8243; icon=&#8221;&#8221; width=&#8221;&#8221; class=&#8221;&#8221; id=&#8221;&#8221;][\/vc_column_text][\/vc_column][\/vc_row][vc_row css=&#8221;.vc_custom_1424548365369{background-color: #f4f4f4 !important;}&#8221;][vc_column width=&#8221;1\/3&#8243;][vc_column_text]<\/p>\n<p style=\"text-align: center;\">S\u00edguenos, haz click:<\/p>\n<p>[\/vc_column_text][\/vc_column][vc_column width=&#8221;1\/3&#8243;][vc_column_text]<\/p>\n<div class=\"fb-like\" style=\"text-align: center;\" data-href=\"https:\/\/www.facebook.com\/seasamx\" data-layout=\"button_count\"><\/div>\n<p>[\/vc_column_text][\/vc_column][vc_column width=&#8221;1\/3&#8243;][vc_column_text]<\/p>\n<div class=\"g-ytsubscribe\" style=\"text-align: center;\" data-channel=\"seasacommx\"><\/div>\n<p>[\/vc_column_text][\/vc_column][\/vc_row]<\/p>\n","protected":false},"excerpt":{"rendered":"<p>[vc_row][vc_column width=&#8221;1\/1&#8243;][vc_column_text][title class=&#8221;titulos&#8221; size=&#8221;3&#8243;] [\/title][\/vc_column_text][\/vc_column][\/vc_row][vc_row][vc_column width=&#8221;1\/3&#8243;][vc_column_text][\/vc_column_text][\/vc_column][vc_column width=&#8221;2\/3&#8243;][vc_column_text css_animation=&#8221;bottom-to-top&#8221;]Antorchas de Soldadura [&hellip;]<\/p>\n","protected":false},"author":1,"featured_media":0,"parent":0,"menu_order":0,"comment_status":"closed","ping_status":"closed","template":"","meta":{"ngg_post_thumbnail":0,"footnotes":""},"class_list":["post-299","page","type-page","status-publish","hentry"],"aioseo_notices":[],"_links":{"self":[{"href":"https:\/\/sea-sa.com.mx\/site\/wp-json\/wp\/v2\/pages\/299","targetHints":{"allow":["GET"]}}],"collection":[{"href":"https:\/\/sea-sa.com.mx\/site\/wp-json\/wp\/v2\/pages"}],"about":[{"href":"https:\/\/sea-sa.com.mx\/site\/wp-json\/wp\/v2\/types\/page"}],"author":[{"embeddable":true,"href":"https:\/\/sea-sa.com.mx\/site\/wp-json\/wp\/v2\/users\/1"}],"replies":[{"embeddable":true,"href":"https:\/\/sea-sa.com.mx\/site\/wp-json\/wp\/v2\/comments?post=299"}],"version-history":[{"count":2,"href":"https:\/\/sea-sa.com.mx\/site\/wp-json\/wp\/v2\/pages\/299\/revisions"}],"predecessor-version":[{"id":4605,"href":"https:\/\/sea-sa.com.mx\/site\/wp-json\/wp\/v2\/pages\/299\/revisions\/4605"}],"wp:attachment":[{"href":"https:\/\/sea-sa.com.mx\/site\/wp-json\/wp\/v2\/media?parent=299"}],"curies":[{"name":"wp","href":"https:\/\/api.w.org\/{rel}","templated":true}]}}