{"id":1522,"date":"2016-01-31T05:17:59","date_gmt":"2016-01-31T05:17:59","guid":{"rendered":"http:\/\/sea-sa.com.mx\/site\/?page_id=1522"},"modified":"2022-01-26T17:55:39","modified_gmt":"2022-01-26T17:55:39","slug":"aerosol-anti-adherente-soldadura-protector-ceramico-antorchas","status":"publish","type":"page","link":"https:\/\/sea-sa.com.mx\/site\/aerosol-anti-adherente-soldadura-protector-ceramico-antorchas\/","title":{"rendered":"ANTI ADHERENTES Y PROTECTORES DE BOQUILLAS DE SOLDADURA"},"content":{"rendered":"<p><div class=\"fusion-fullwidth fullwidth-box nonhundred-percent-fullwidth non-hundred-percent-height-scrolling\"  style='background-color: rgba(255,255,255,0);background-position: center center;background-repeat: no-repeat;padding-top:0px;padding-right:0px;padding-bottom:0px;padding-left:0px;'><div class=\"fusion-builder-row fusion-row \"><div  class=\"fusion-layout-column fusion_builder_column fusion_builder_column_1_1 fusion-builder-column-1 fusion-one-full fusion-column-first fusion-column-last 1_1\"  style='margin-top:0px;margin-bottom:0px;'>\n\t\t\t\t\t<div class=\"fusion-column-wrapper\" style=\"padding: 0px 0% 0px 0%;background-position:left top;background-repeat:no-repeat;-webkit-background-size:cover;-moz-background-size:cover;-o-background-size:cover;background-size:cover;\"   data-bg-url=\"\">\n\t\t\t\t\t\t<div class=\"fusion-column-content-centered\"><div class=\"fusion-column-content\"><span class=\"fusion-imageframe imageframe-none imageframe-1 hover-type-none\"><img loading=\"lazy\" decoding=\"async\" src=\"https:\/\/sea-sa.com.mx\/site\/wp-content\/uploads\/2020\/06\/antiadherentes-tbi-1920x734-2.jpg\" data-orig-src=\"https:\/\/sea-sa.com.mx\/site\/wp-content\/uploads\/2020\/06\/antiadherentes-tbi-1920x734-2.jpg\" width=\"1920\" height=\"734\" alt=\"\" title=\"antiadherentes tbi 1920&#215;734\" class=\"lazyload img-responsive wp-image-5589\" srcset=\"data:image\/svg+xml,%3Csvg%20xmlns%3D%27http%3A%2F%2Fwww.w3.org%2F2000%2Fsvg%27%20width%3D%271920%27%20height%3D%27734%27%20viewBox%3D%270%200%201920%20734%27%3E%3Crect%20width%3D%271920%27%20height%3D%273734%27%20fill-opacity%3D%220%22%2F%3E%3C%2Fsvg%3E\" data-srcset=\"https:\/\/sea-sa.com.mx\/site\/wp-content\/uploads\/2020\/06\/antiadherentes-tbi-1920x734-2-200x76.jpg 200w, https:\/\/sea-sa.com.mx\/site\/wp-content\/uploads\/2020\/06\/antiadherentes-tbi-1920x734-2-400x153.jpg 400w, https:\/\/sea-sa.com.mx\/site\/wp-content\/uploads\/2020\/06\/antiadherentes-tbi-1920x734-2-600x229.jpg 600w, https:\/\/sea-sa.com.mx\/site\/wp-content\/uploads\/2020\/06\/antiadherentes-tbi-1920x734-2-800x306.jpg 800w, https:\/\/sea-sa.com.mx\/site\/wp-content\/uploads\/2020\/06\/antiadherentes-tbi-1920x734-2-1200x459.jpg 1200w, https:\/\/sea-sa.com.mx\/site\/wp-content\/uploads\/2020\/06\/antiadherentes-tbi-1920x734-2.jpg 1920w\" data-sizes=\"auto\" data-orig-sizes=\"auto, (max-width: 800px) 100vw, 1920px\" \/><\/span><\/div><\/div><div class=\"fusion-clearfix\"><\/div>\n\n\t\t\t\t\t<\/div>\n\t\t\t\t<\/div><\/div><\/div><div class=\"fusion-fullwidth fullwidth-box nonhundred-percent-fullwidth non-hundred-percent-height-scrolling\"  style='background-color: rgba(255,255,255,0);background-position: center center;background-repeat: no-repeat;padding-top:5%;padding-right:0px;padding-bottom:5%;padding-left:0px;'><div class=\"fusion-builder-row fusion-row \"><div  class=\"fusion-layout-column fusion_builder_column fusion_builder_column_1_2 fusion-builder-column-2 fusion-one-half fusion-column-first 1_2\"  style='margin-top:0px;margin-bottom:20px;width:50%;width:calc(50% - ( ( 4% ) * 0.5 ) );margin-right: 4%;'>\n\t\t\t\t\t<div class=\"fusion-column-wrapper\" style=\"padding: 0px 0px 0px 0px;background-position:left top;background-repeat:no-repeat;-webkit-background-size:cover;-moz-background-size:cover;-o-background-size:cover;background-size:cover;\"   data-bg-url=\"\">\n\t\t\t\t\t\t<div class=\"fusion-column-content-centered\"><div class=\"fusion-column-content\"><div class=\"imageframe-align-center\"><div class=\"imageframe-liftup fusion-image-frame-bottomshadow image-frame-shadow-2\"style=\"width:100%;max-width:450px;\"><style scoped=\"scoped\">.element-bottomshadow.imageframe-2:before, .element-bottomshadow.imageframe-2:after{-webkit-box-shadow: 0 17px 10px rgba(0,0,0,0.4);box-shadow: 0 17px 10px rgba(0,0,0,0.4);}<\/style><span style=\"border:3px solid #001455;\" class=\"fusion-imageframe imageframe-bottomshadow imageframe-2 element-bottomshadow\"><img loading=\"lazy\" decoding=\"async\" src=\"https:\/\/sea-sa.com.mx\/site\/wp-content\/uploads\/2020\/06\/cera-protect-soldadura-boquillas-tbi-industries-mexico.jpg\" data-orig-src=\"https:\/\/sea-sa.com.mx\/site\/wp-content\/uploads\/2020\/06\/cera-protect-soldadura-boquillas-tbi-industries-mexico.jpg\" width=\"800\" height=\"800\" alt=\"\" title=\"cera-protect-soldadura-boquillas-tbi-industries-mexico\" class=\"lazyload img-responsive wp-image-5593\" srcset=\"data:image\/svg+xml,%3Csvg%20xmlns%3D%27http%3A%2F%2Fwww.w3.org%2F2000%2Fsvg%27%20width%3D%27800%27%20height%3D%27800%27%20viewBox%3D%270%200%20800%20800%27%3E%3Crect%20width%3D%27800%27%20height%3D%273800%27%20fill-opacity%3D%220%22%2F%3E%3C%2Fsvg%3E\" data-srcset=\"https:\/\/sea-sa.com.mx\/site\/wp-content\/uploads\/2020\/06\/cera-protect-soldadura-boquillas-tbi-industries-mexico-200x200.jpg 200w, https:\/\/sea-sa.com.mx\/site\/wp-content\/uploads\/2020\/06\/cera-protect-soldadura-boquillas-tbi-industries-mexico-400x400.jpg 400w, https:\/\/sea-sa.com.mx\/site\/wp-content\/uploads\/2020\/06\/cera-protect-soldadura-boquillas-tbi-industries-mexico-600x600.jpg 600w, https:\/\/sea-sa.com.mx\/site\/wp-content\/uploads\/2020\/06\/cera-protect-soldadura-boquillas-tbi-industries-mexico.jpg 800w\" data-sizes=\"auto\" data-orig-sizes=\"auto, (max-width: 800px) 100vw, 800px\" \/><\/span><\/div><\/div><\/div><\/div><div class=\"fusion-clearfix\"><\/div>\n\n\t\t\t\t\t<\/div>\n\t\t\t\t<\/div><div  class=\"fusion-layout-column fusion_builder_column fusion_builder_column_1_2 fusion-builder-column-3 fusion-one-half fusion-column-last 1_2\"  style='margin-top:0px;margin-bottom:20px;width:50%;width:calc(50% - ( ( 4% ) * 0.5 ) );'>\n\t\t\t\t\t<div class=\"fusion-column-wrapper\" style=\"padding: 0px 0px 0px 0px;background-position:left top;background-repeat:no-repeat;-webkit-background-size:cover;-moz-background-size:cover;-o-background-size:cover;background-size:cover;\"   data-bg-url=\"\">\n\t\t\t\t\t\t<div class=\"fusion-text\"><p><span style=\"color: #ff0000;\"><strong>NUEVO!<\/strong><\/span> Protector Anti-Adherente Cer\u00e1mico para boquillas<\/p>\n<\/div><div class=\"fusion-tabs fusion-tabs-1 classic horizontal-tabs icon-position-left\"><style type=\"text\/css\">.fusion-tabs.fusion-tabs-1 .nav-tabs li a{border-top-color:#ebeaea;background-color:#ebeaea;}.fusion-tabs.fusion-tabs-1 .nav-tabs{background-color:#ffffff;}.fusion-tabs.fusion-tabs-1 .nav-tabs li.active a,.fusion-tabs.fusion-tabs-1 .nav-tabs li.active a:hover,.fusion-tabs.fusion-tabs-1 .nav-tabs li.active a:focus{border-right-color:#ffffff;}.fusion-tabs.fusion-tabs-1 .nav-tabs li.active a,.fusion-tabs.fusion-tabs-1 .nav-tabs li.active a:hover,.fusion-tabs.fusion-tabs-1 .nav-tabs li.active a:focus{background-color:#ffffff;}.fusion-tabs.fusion-tabs-1 .nav-tabs li a:hover{background-color:#ffffff;border-top-color:#ffffff;}.fusion-tabs.fusion-tabs-1 .tab-pane{background-color:#ffffff;}.fusion-tabs.fusion-tabs-1 .nav,.fusion-tabs.fusion-tabs-1 .nav-tabs,.fusion-tabs.fusion-tabs-1 .tab-content .tab-pane{border-color:#ebeaea;}<\/style><div class=\"nav\"><ul class=\"nav-tabs nav-justified\"><li class=\"active\"><a class=\"tab-link\" data-toggle=\"tab\" id=\"fusion-tab-descripci\u00f3n\" href=\"#tab-630131d728a7f307427\"><h4 class=\"fusion-tab-heading\">Descripci\u00f3n<\/h4><\/a><\/li><li><a class=\"tab-link\" data-toggle=\"tab\" id=\"fusion-tab-mododeuso\" href=\"#tab-a375a1a19cc58d2f09f\"><h4 class=\"fusion-tab-heading\">Modo de uso<\/h4><\/a><\/li><li><a class=\"tab-link\" data-toggle=\"tab\" id=\"fusion-tab-video\" href=\"#tab-5dc011ccdc6a5c15ae2\"><h4 class=\"fusion-tab-heading\">Video<\/h4><\/a><\/li><\/ul><\/div><div class=\"tab-content\"><div class=\"nav fusion-mobile-tab-nav\"><ul class=\"nav-tabs nav-justified\"><li class=\"active\"><a class=\"tab-link\" data-toggle=\"tab\" id=\"mobile-fusion-tab-descripci\u00f3n\" href=\"#tab-630131d728a7f307427\"><h4 class=\"fusion-tab-heading\">Descripci\u00f3n<\/h4><\/a><\/li><\/ul><\/div><div class=\"tab-pane fade fusion-clearfix in active\" id=\"tab-630131d728a7f307427\">\n<p>El spray <strong>TBi CeraProtect<\/strong> se ha desarrollado espec\u00edficamente para proteger las toberas de las antorchas de soldadura, herramientas y otras partes de las instalaciones de soldadura contra la adherencia de salpicaduras de metal durante la soldadura. Ofrece una protecci\u00f3n fiable para la soldadura MIG manual y soldadura automatizada tambi\u00e9n en corte de plasma y l\u00e1ser. Tambi\u00e9n es adecuado para su uso en m\u00e1quinas de soldadura por puntos.<\/p>\n<p>Aumenta la vida \u00fatil de la tobera de gas y consumibles, facilitando la limpieza de las piezas. Debido a la reducci\u00f3n de la adhesi\u00f3n de las salpicaduras, la protecci\u00f3n del gas de protecci\u00f3n se mantiene estable.<\/p>\n<p>Muy adecuado para las piezas que ser\u00e1n pintadas o revestidas. Se recomienda una limpieza a fondo de las partes que deben ser recubiertas.<\/p>\n<\/div><div class=\"nav fusion-mobile-tab-nav\"><ul class=\"nav-tabs nav-justified\"><li><a class=\"tab-link\" data-toggle=\"tab\" id=\"mobile-fusion-tab-mododeuso\" href=\"#tab-a375a1a19cc58d2f09f\"><h4 class=\"fusion-tab-heading\">Modo de uso<\/h4><\/a><\/li><\/ul><\/div><div class=\"tab-pane fade fusion-clearfix\" id=\"tab-a375a1a19cc58d2f09f\">\n<p>La temperatura \u00f3ptima para el uso y el almacenamiento es de entre 10 y 25 \u00b0 C. Deje que la antorcha se enfr\u00ede antes de aplicar el producto. Nunca roc\u00ede sobre objetos calientes. Pulverizar desde una distancia de unos 15 cm, aplicar con moderaci\u00f3n, pero de manera uniforme. Iniciar la soldadura s\u00f3lo despu\u00e9s de una aireaci\u00f3n suficiente. Proteja lata de las chispas y salpicaduras. Usar s\u00f3lo en \u00e1reas bien ventiladas.<\/p>\n<\/div><div class=\"nav fusion-mobile-tab-nav\"><ul class=\"nav-tabs nav-justified\"><li><a class=\"tab-link\" data-toggle=\"tab\" id=\"mobile-fusion-tab-video\" href=\"#tab-5dc011ccdc6a5c15ae2\"><h4 class=\"fusion-tab-heading\">Video<\/h4><\/a><\/li><\/ul><\/div><div class=\"tab-pane fade fusion-clearfix\" id=\"tab-5dc011ccdc6a5c15ae2\"><iframe loading=\"lazy\" src=\"https:\/\/www.youtube.com\/embed\/MdeK1-w7i_s\" width=\"500\" height=\"260\" frameborder=\"0\" allowfullscreen=\"allowfullscreen\"><\/iframe><\/div><\/div><\/div><div class=\"fusion-button-wrapper fusion-aligncenter\"><style type=\"text\/css\" scoped=\"scoped\">.fusion-button.button-1 .fusion-button-text, .fusion-button.button-1 i {color:#ffffff;}.fusion-button.button-1 {border-width:0px;border-color:#ffffff;}.fusion-button.button-1 .fusion-button-icon-divider{border-color:#ffffff;}.fusion-button.button-1:hover .fusion-button-text, .fusion-button.button-1:hover i,.fusion-button.button-1:focus .fusion-button-text, .fusion-button.button-1:focus i,.fusion-button.button-1:active .fusion-button-text, .fusion-button.button-1:active{color:#eaeaea;}.fusion-button.button-1:hover, .fusion-button.button-1:focus, .fusion-button.button-1:active{border-width:0px;border-color:#eaeaea;}.fusion-button.button-1:hover .fusion-button-icon-divider, .fusion-button.button-1:hover .fusion-button-icon-divider, .fusion-button.button-1:active .fusion-button-icon-divider{border-color:#eaeaea;}.fusion-button.button-1{background: #ba0000;\n\t\t\t\t\t\t\tbackground-image: -webkit-gradient( linear, left bottom, left top, from( #a50000 ), to( #ba0000 ) );\n\t\t\t\t\t\t\tbackground-image: -webkit-linear-gradient( bottom, #a50000, #ba0000 );\n\t\t\t\t\t\t\tbackground-image:   -moz-linear-gradient( bottom, #a50000, #ba0000 );\n\t\t\t\t\t\t\tbackground-image:     -o-linear-gradient( bottom, #a50000, #ba0000 );\n\t\t\t\t\t\t\tbackground-image: linear-gradient( to top, #a50000, #ba0000 );}.fusion-button.button-1:hover,.button-1:focus,.fusion-button.button-1:active{background: #a50000;\n\t\t\t\t\t\t\tbackground-image: -webkit-gradient( linear, left bottom, left top, from( #ba0000 ), to( #a50000 ) );\n\t\t\t\t\t\t\tbackground-image: -webkit-linear-gradient( bottom, #ba0000, #a50000 );\n\t\t\t\t\t\t\tbackground-image:   -moz-linear-gradient( bottom, #ba0000, #a50000 );\n\t\t\t\t\t\t\tbackground-image:     -o-linear-gradient( bottom, #ba0000, #a50000 );\n\t\t\t\t\t\t\tbackground-image: linear-gradient( to top, #ba0000, #a50000 );}.fusion-button.button-1{width:auto;}<\/style><a class=\"fusion-button button-flat fusion-button-pill button-large button-custom button-1\" target=\"_self\" title=\"Cont\u00e1ctanos para asesorarte\" href=\"https:\/\/sea-sa.com.mx\/site\/contacto-empresa-soldadura-equipos-antorchas\/?interes=Anti-adherente Cera Protect Tbi\"><span class=\"fusion-button-icon-divider button-icon-divider-left\"><i class=\"fa-info-circle fas\"><\/i><\/span><span class=\"fusion-button-text fusion-button-text-left\">SOLICITAR INFORMACI\u00d3N<\/span><\/a><\/div><div class=\"fusion-clearfix\"><\/div>\n\n\t\t\t\t\t<\/div>\n\t\t\t\t<\/div><\/div><\/div><div class=\"fusion-fullwidth fullwidth-box nonhundred-percent-fullwidth non-hundred-percent-height-scrolling\"  style='background-color: rgba(255,255,255,0);background-position: center center;background-repeat: no-repeat;padding-top:0px;padding-right:0px;padding-bottom:0px;padding-left:5%;'><div class=\"fusion-builder-row fusion-row \"><div  class=\"fusion-layout-column fusion_builder_column fusion_builder_column_1_2 fusion-builder-column-4 fusion-one-half fusion-column-first 1_2\"  style='margin-top:0px;margin-bottom:20px;width:50%;width:calc(50% - ( ( 4% ) * 0.5 ) );margin-right: 4%;'>\n\t\t\t\t\t<div class=\"fusion-column-wrapper\" style=\"padding: 0px 0px 0px 0px;background-position:left top;background-repeat:no-repeat;-webkit-background-size:cover;-moz-background-size:cover;-o-background-size:cover;background-size:cover;\"   data-bg-url=\"\">\n\t\t\t\t\t\t<div class=\"fusion-text\"><p>Cl\u00e1sico Anti Adherente en Aerosol para boquillas de antorcha de soldadura<\/p>\n<\/div><div class=\"fusion-tabs fusion-tabs-2 classic horizontal-tabs icon-position-left\"><style type=\"text\/css\">.fusion-tabs.fusion-tabs-2 .nav-tabs li a{border-top-color:#ebeaea;background-color:#ebeaea;}.fusion-tabs.fusion-tabs-2 .nav-tabs{background-color:#ffffff;}.fusion-tabs.fusion-tabs-2 .nav-tabs li.active a,.fusion-tabs.fusion-tabs-2 .nav-tabs li.active a:hover,.fusion-tabs.fusion-tabs-2 .nav-tabs li.active a:focus{border-right-color:#ffffff;}.fusion-tabs.fusion-tabs-2 .nav-tabs li.active a,.fusion-tabs.fusion-tabs-2 .nav-tabs li.active a:hover,.fusion-tabs.fusion-tabs-2 .nav-tabs li.active a:focus{background-color:#ffffff;}.fusion-tabs.fusion-tabs-2 .nav-tabs li a:hover{background-color:#ffffff;border-top-color:#ffffff;}.fusion-tabs.fusion-tabs-2 .tab-pane{background-color:#ffffff;}.fusion-tabs.fusion-tabs-2 .nav,.fusion-tabs.fusion-tabs-2 .nav-tabs,.fusion-tabs.fusion-tabs-2 .tab-content .tab-pane{border-color:#ebeaea;}<\/style><div class=\"nav\"><ul class=\"nav-tabs nav-justified\"><li class=\"active\"><a class=\"tab-link\" data-toggle=\"tab\" id=\"fusion-tab-descripci\u00f3n\" href=\"#tab-66a69bfeeafb4691945\"><h4 class=\"fusion-tab-heading\">Descripci\u00f3n<\/h4><\/a><\/li><li><a class=\"tab-link\" data-toggle=\"tab\" id=\"fusion-tab-propiedadest\u00e9cnicas\" href=\"#tab-00066ccb1431cc87fbd\"><h4 class=\"fusion-tab-heading\">Propiedades t\u00e9cnicas<\/h4><\/a><\/li><\/ul><\/div><div class=\"tab-content\"><div class=\"nav fusion-mobile-tab-nav\"><ul class=\"nav-tabs nav-justified\"><li class=\"active\"><a class=\"tab-link\" data-toggle=\"tab\" id=\"mobile-fusion-tab-descripci\u00f3n\" href=\"#tab-66a69bfeeafb4691945\"><h4 class=\"fusion-tab-heading\">Descripci\u00f3n<\/h4><\/a><\/li><\/ul><\/div><div class=\"tab-pane fade fusion-clearfix in active\" id=\"tab-66a69bfeeafb4691945\">\n<p>El aerosol <strong>cl\u00e1sico anti-adherente de TBi<\/strong>\u2009reduce significativamente la adhesi\u00f3n\u2009de part\u00edculas de soldadura a las partes met\u00e1licas.\u2009Si el aerosol es aplicado a la boquilla de la antorcha regularmente, la vida de los consumibles se prolonga y el mantenimiento en la antorcha se hace simple, el aerosol tambi\u00e9n puede ser aplicado en la pieza de metal a soldar.<\/p>\n<p>Despu\u00e9s de soldar, las part\u00edculas de soldadura pueden ser removidas f\u00e1cilmente con una brocha, dejando una soldadura limpia.<\/p>\n<\/div><div class=\"nav fusion-mobile-tab-nav\"><ul class=\"nav-tabs nav-justified\"><li><a class=\"tab-link\" data-toggle=\"tab\" id=\"mobile-fusion-tab-propiedadest\u00e9cnicas\" href=\"#tab-00066ccb1431cc87fbd\"><h4 class=\"fusion-tab-heading\">Propiedades t\u00e9cnicas<\/h4><\/a><\/li><\/ul><\/div><div class=\"tab-pane fade fusion-clearfix\" id=\"tab-00066ccb1431cc87fbd\">\n<ul>\n<li>Excelentes propiedades antiadherentes.<\/li>\n<li>Sin silicona ni agua.<\/li>\n<li>Resistente a temperaturas de hasta 180 \u00b0 C.<\/li>\n<\/ul>\n<\/div><\/div><\/div><div class=\"fusion-button-wrapper fusion-aligncenter\"><style type=\"text\/css\" scoped=\"scoped\">.fusion-button.button-2 .fusion-button-text, .fusion-button.button-2 i {color:#ffffff;}.fusion-button.button-2 {border-width:0px;border-color:#ffffff;}.fusion-button.button-2 .fusion-button-icon-divider{border-color:#ffffff;}.fusion-button.button-2:hover .fusion-button-text, .fusion-button.button-2:hover i,.fusion-button.button-2:focus .fusion-button-text, .fusion-button.button-2:focus i,.fusion-button.button-2:active .fusion-button-text, .fusion-button.button-2:active{color:#eaeaea;}.fusion-button.button-2:hover, .fusion-button.button-2:focus, .fusion-button.button-2:active{border-width:0px;border-color:#eaeaea;}.fusion-button.button-2:hover .fusion-button-icon-divider, .fusion-button.button-2:hover .fusion-button-icon-divider, .fusion-button.button-2:active .fusion-button-icon-divider{border-color:#eaeaea;}.fusion-button.button-2{background: #ba0000;\n\t\t\t\t\t\t\tbackground-image: -webkit-gradient( linear, left bottom, left top, from( #a50000 ), to( #ba0000 ) );\n\t\t\t\t\t\t\tbackground-image: -webkit-linear-gradient( bottom, #a50000, #ba0000 );\n\t\t\t\t\t\t\tbackground-image:   -moz-linear-gradient( bottom, #a50000, #ba0000 );\n\t\t\t\t\t\t\tbackground-image:     -o-linear-gradient( bottom, #a50000, #ba0000 );\n\t\t\t\t\t\t\tbackground-image: linear-gradient( to top, #a50000, #ba0000 );}.fusion-button.button-2:hover,.button-2:focus,.fusion-button.button-2:active{background: #a50000;\n\t\t\t\t\t\t\tbackground-image: -webkit-gradient( linear, left bottom, left top, from( #ba0000 ), to( #a50000 ) );\n\t\t\t\t\t\t\tbackground-image: -webkit-linear-gradient( bottom, #ba0000, #a50000 );\n\t\t\t\t\t\t\tbackground-image:   -moz-linear-gradient( bottom, #ba0000, #a50000 );\n\t\t\t\t\t\t\tbackground-image:     -o-linear-gradient( bottom, #ba0000, #a50000 );\n\t\t\t\t\t\t\tbackground-image: linear-gradient( to top, #ba0000, #a50000 );}.fusion-button.button-2{width:auto;}<\/style><a class=\"fusion-button button-flat fusion-button-pill button-large button-custom button-2\" target=\"_self\" title=\"Cont\u00e1ctanos para asesorarte\" href=\"https:\/\/sea-sa.com.mx\/site\/contacto-empresa-soldadura-equipos-antorchas\/?interes=Anti-adherente Cl\u00e1sico TBi\"><span class=\"fusion-button-icon-divider button-icon-divider-left\"><i class=\"fa-info-circle fas\"><\/i><\/span><span class=\"fusion-button-text fusion-button-text-left\">SOLICITAR INFORMACI\u00d3N<\/span><\/a><\/div><div class=\"fusion-clearfix\"><\/div>\n\n\t\t\t\t\t<\/div>\n\t\t\t\t<\/div><div  class=\"fusion-layout-column fusion_builder_column fusion_builder_column_1_2 fusion-builder-column-5 fusion-one-half fusion-column-last 1_2\"  style='margin-top:0px;margin-bottom:20px;width:50%;width:calc(50% - ( ( 4% ) * 0.5 ) );'>\n\t\t\t\t\t<div class=\"fusion-column-wrapper\" style=\"padding: 0px 0px 0px 0px;background-position:left top;background-repeat:no-repeat;-webkit-background-size:cover;-moz-background-size:cover;-o-background-size:cover;background-size:cover;\"   data-bg-url=\"\">\n\t\t\t\t\t\t<div class=\"imageframe-align-center\"><div class=\"imageframe-liftup fusion-image-frame-bottomshadow image-frame-shadow-3\"style=\"width:100%;max-width:450px;\"><style scoped=\"scoped\">.element-bottomshadow.imageframe-3:before, .element-bottomshadow.imageframe-3:after{-webkit-box-shadow: 0 17px 10px rgba(0,0,0,0.4);box-shadow: 0 17px 10px rgba(0,0,0,0.4);}<\/style><span style=\"border:3px solid #001455;\" class=\"fusion-imageframe imageframe-bottomshadow imageframe-3 element-bottomshadow\"><img loading=\"lazy\" decoding=\"async\" src=\"https:\/\/sea-sa.com.mx\/site\/wp-content\/uploads\/2020\/06\/antiadherente-soldadura-boquillas-tbi-industries-mexico.jpg\" data-orig-src=\"https:\/\/sea-sa.com.mx\/site\/wp-content\/uploads\/2020\/06\/antiadherente-soldadura-boquillas-tbi-industries-mexico.jpg\" width=\"800\" height=\"800\" alt=\"\" title=\"antiadherente-soldadura-boquillas-tbi-industries-mexico\" class=\"lazyload img-responsive wp-image-5592\" srcset=\"data:image\/svg+xml,%3Csvg%20xmlns%3D%27http%3A%2F%2Fwww.w3.org%2F2000%2Fsvg%27%20width%3D%27800%27%20height%3D%27800%27%20viewBox%3D%270%200%20800%20800%27%3E%3Crect%20width%3D%27800%27%20height%3D%273800%27%20fill-opacity%3D%220%22%2F%3E%3C%2Fsvg%3E\" data-srcset=\"https:\/\/sea-sa.com.mx\/site\/wp-content\/uploads\/2020\/06\/antiadherente-soldadura-boquillas-tbi-industries-mexico-200x200.jpg 200w, https:\/\/sea-sa.com.mx\/site\/wp-content\/uploads\/2020\/06\/antiadherente-soldadura-boquillas-tbi-industries-mexico-400x400.jpg 400w, https:\/\/sea-sa.com.mx\/site\/wp-content\/uploads\/2020\/06\/antiadherente-soldadura-boquillas-tbi-industries-mexico-600x600.jpg 600w, https:\/\/sea-sa.com.mx\/site\/wp-content\/uploads\/2020\/06\/antiadherente-soldadura-boquillas-tbi-industries-mexico.jpg 800w\" data-sizes=\"auto\" data-orig-sizes=\"auto, (max-width: 800px) 100vw, 800px\" \/><\/span><\/div><\/div><div class=\"fusion-clearfix\"><\/div>\n\n\t\t\t\t\t<\/div>\n\t\t\t\t<\/div><\/div><\/div><\/p>\n","protected":false},"excerpt":{"rendered":"","protected":false},"author":1,"featured_media":0,"parent":0,"menu_order":0,"comment_status":"closed","ping_status":"closed","template":"","meta":{"ngg_post_thumbnail":0,"footnotes":""},"class_list":["post-1522","page","type-page","status-publish","hentry"],"aioseo_notices":[],"_links":{"self":[{"href":"https:\/\/sea-sa.com.mx\/site\/wp-json\/wp\/v2\/pages\/1522","targetHints":{"allow":["GET"]}}],"collection":[{"href":"https:\/\/sea-sa.com.mx\/site\/wp-json\/wp\/v2\/pages"}],"about":[{"href":"https:\/\/sea-sa.com.mx\/site\/wp-json\/wp\/v2\/types\/page"}],"author":[{"embeddable":true,"href":"https:\/\/sea-sa.com.mx\/site\/wp-json\/wp\/v2\/users\/1"}],"replies":[{"embeddable":true,"href":"https:\/\/sea-sa.com.mx\/site\/wp-json\/wp\/v2\/comments?post=1522"}],"version-history":[{"count":24,"href":"https:\/\/sea-sa.com.mx\/site\/wp-json\/wp\/v2\/pages\/1522\/revisions"}],"predecessor-version":[{"id":9848,"href":"https:\/\/sea-sa.com.mx\/site\/wp-json\/wp\/v2\/pages\/1522\/revisions\/9848"}],"wp:attachment":[{"href":"https:\/\/sea-sa.com.mx\/site\/wp-json\/wp\/v2\/media?parent=1522"}],"curies":[{"name":"wp","href":"https:\/\/api.w.org\/{rel}","templated":true}]}}