{"id":1100,"date":"2015-08-04T15:48:43","date_gmt":"2015-08-04T15:48:43","guid":{"rendered":"http:\/\/sea-sa.com.mx\/site\/?page_id=1100"},"modified":"2020-05-14T03:22:13","modified_gmt":"2020-05-14T03:22:13","slug":"consumibles-soldadura-boquillas-plasma-electrodos-microalambre-monterrey-mexico","status":"publish","type":"page","link":"https:\/\/sea-sa.com.mx\/site\/consumibles-soldadura-boquillas-plasma-electrodos-microalambre-monterrey-mexico\/","title":{"rendered":"CONSUMIBLES PARA SOLDADURA"},"content":{"rendered":"<p>[vc_row][vc_column width=&#8221;1\/1&#8243;][vc_column_text][title class=&#8221;titulos&#8221; size=&#8221;3&#8243;]CONSUMIBLES PARA EQUIPOS DE SOLDADURA MIG\/MAG &#8211; TIG &#8211; PLASMA &#8211; ELECTRICAS.[\/title][\/vc_column_text][\/vc_column][\/vc_row][vc_row][vc_column width=&#8221;1\/3&#8243;][vc_column_text]<img loading=\"lazy\" decoding=\"async\" class=\"lazyload aligncenter wp-image-1101 size-full\" src=\"data:image\/svg+xml,%3Csvg%20xmlns%3D%27http%3A%2F%2Fwww.w3.org%2F2000%2Fsvg%27%20width%3D%27260%27%20height%3D%27143%27%20viewBox%3D%270%200%20260%20143%27%3E%3Crect%20width%3D%27260%27%20height%3D%273143%27%20fill-opacity%3D%220%22%2F%3E%3C%2Fsvg%3E\" data-orig-src=\"http:\/\/sea-sa.com.mx\/site\/wp-content\/uploads\/2015\/08\/puntas_de_contacto_para_soldar_mig_mag.jpg\" alt=\"\" width=\"260\" height=\"143\" \/>[\/vc_column_text][\/vc_column][vc_column width=&#8221;2\/3&#8243;][vc_column_text css_animation=&#8221;bottom-to-top&#8221;]<strong>Puntas o Boquillas de Contacto para Antorchas de Soldadura<\/strong><\/p>\n<p>Las puntas o boquillas de contacto son los consumibles de mayor desgaste en los procesos de soldadura.<br \/>\nSin embargo la calidad de la punta es crucial para el trabajo de producci\u00f3n. Recuerde que ademas de comprar al mejor precio, compare la vida \u00fatil de sus consumibles utilizados en su taller de trabajo, ya que realizar mantenimiento constante a las antorchas de soldadura va a salir mas caro que una punta de contacto de calidad.<br \/>\n<a class=\"boton\" href=\"contacto-empresa-soldadura-equipos-antorchas\/?interes=Contacto Consumibles boquillas de contacto\">Solicite m\u00e1s Informaci\u00f3n, Click Aqu\u00ed<\/a>[\/vc_column_text][\/vc_column][\/vc_row][vc_row][vc_column width=&#8221;1\/3&#8243;][vc_column_text]<a href=\"http:\/\/sea-sa.com.mx\/site\/wp-content\/uploads\/2015\/08\/consumibles_soldadura_difusores_de_gas.jpg\"><img loading=\"lazy\" decoding=\"async\" class=\"lazyload aligncenter wp-image-1102 size-full\" src=\"data:image\/svg+xml,%3Csvg%20xmlns%3D%27http%3A%2F%2Fwww.w3.org%2F2000%2Fsvg%27%20width%3D%27260%27%20height%3D%27143%27%20viewBox%3D%270%200%20260%20143%27%3E%3Crect%20width%3D%27260%27%20height%3D%273143%27%20fill-opacity%3D%220%22%2F%3E%3C%2Fsvg%3E\" data-orig-src=\"http:\/\/sea-sa.com.mx\/site\/wp-content\/uploads\/2015\/08\/consumibles_soldadura_difusores_de_gas.jpg\" alt=\"\" width=\"260\" height=\"143\" \/><\/a>[\/vc_column_text][\/vc_column][vc_column width=&#8221;2\/3&#8243;][vc_column_text css_animation=&#8221;bottom-to-top&#8221;]<strong>Difusores de Gas para Antorchas de Soldadura<\/strong><\/p>\n<p>Contamos con difusores de gas en varias formas y de diferentes materiales para cumplir con los requerimientos m\u00e1ximos de calidad.<br \/>\n<a class=\"boton\" href=\"contacto-empresa-soldadura-equipos-antorchas\/?interes=Contacto Consumibles difusores de gas\">Solicite m\u00e1s Informaci\u00f3n, Click Aqu\u00ed<\/a>[\/vc_column_text][\/vc_column][\/vc_row][vc_row][vc_column width=&#8221;1\/3&#8243;][vc_column_text]<img loading=\"lazy\" decoding=\"async\" class=\"lazyload aligncenter wp-image-1103 size-full\" src=\"data:image\/svg+xml,%3Csvg%20xmlns%3D%27http%3A%2F%2Fwww.w3.org%2F2000%2Fsvg%27%20width%3D%27260%27%20height%3D%27143%27%20viewBox%3D%270%200%20260%20143%27%3E%3Crect%20width%3D%27260%27%20height%3D%273143%27%20fill-opacity%3D%220%22%2F%3E%3C%2Fsvg%3E\" data-orig-src=\"http:\/\/sea-sa.com.mx\/site\/wp-content\/uploads\/2015\/08\/consumibles_soldadura_porta_boquillas_soldadura.jpg\" alt=\"\" width=\"260\" height=\"143\" \/>[\/vc_column_text][\/vc_column][vc_column width=&#8221;2\/3&#8243;][vc_column_text css_animation=&#8221;bottom-to-top&#8221;]<strong>Portaboquillas &#8211; Tip Holder<\/strong><\/p>\n<p>Los porta boquillas que manejamos est\u00e1n maquinados en tornos CNC de \u00faltima generaci\u00f3n. Lo que garantiza que las boquillas de contacto se unan perfectamente al cabezal de la antorcha.<br \/>\n<a class=\"boton\" href=\"contacto-empresa-soldadura-equipos-antorchas\/?interes=Contacto Consumibles portaboquillas - tip holder\">Solicite m\u00e1s Informaci\u00f3n, Click Aqu\u00ed<\/a>[\/vc_column_text][\/vc_column][\/vc_row][vc_row][vc_column width=&#8221;1\/3&#8243;][vc_column_text]<img loading=\"lazy\" decoding=\"async\" class=\"lazyload aligncenter wp-image-1104 size-full\" src=\"data:image\/svg+xml,%3Csvg%20xmlns%3D%27http%3A%2F%2Fwww.w3.org%2F2000%2Fsvg%27%20width%3D%27260%27%20height%3D%27143%27%20viewBox%3D%270%200%20260%20143%27%3E%3Crect%20width%3D%27260%27%20height%3D%273143%27%20fill-opacity%3D%220%22%2F%3E%3C%2Fsvg%3E\" data-orig-src=\"http:\/\/sea-sa.com.mx\/site\/wp-content\/uploads\/2015\/08\/consumibles_soldadura_boquillas_para_gas.jpg\" alt=\"\" width=\"260\" height=\"143\" \/>[\/vc_column_text][\/vc_column][vc_column width=&#8221;2\/3&#8243;][vc_column_text css_animation=&#8221;bottom-to-top&#8221;]<strong>Boquillas para Gas &#8211; Gas Nozzles<\/strong><\/p>\n<p>Contamos con boquillas de gas en diferentes formas c\u00f3nicas o cil\u00edndricas o como boquillas de soldadura por puntos en diferentes di\u00e1metros, fabricadas con los m\u00e9todos m\u00e1s modernos de producci\u00f3n. Dise\u00f1os especiales como boquillas de gas refrigeradas por agua tambi\u00e9n est\u00e1n disponibles.<br \/>\n<a class=\"boton\" href=\"contacto-empresa-soldadura-equipos-antorchas\/?interes=Contacto Consumibles boquillas para gas - Gas Nozzles\">Solicite m\u00e1s Informaci\u00f3n, Click Aqu\u00ed<\/a>[\/vc_column_text][\/vc_column][\/vc_row][vc_row][vc_column width=&#8221;1\/1&#8243;][vc_column_text][separator style_type=&#8221;double&#8221; top_margin=&#8221;0&#8243; bottom_margin=&#8221;0&#8243; sep_color=&#8221;#d6d6d6&#8243; icon=&#8221;&#8221; width=&#8221;&#8221; class=&#8221;&#8221; id=&#8221;&#8221;][\/vc_column_text][\/vc_column][\/vc_row][vc_row][vc_column width=&#8221;1\/1&#8243;][vc_column_text]<\/p>\n<p style=\"text-align: center;\"><a href=\"contacto-empresa-soldadura-equipos-antorchas\/?interes=Promoci\u00f3n Arc Visor\"><img loading=\"lazy\" decoding=\"async\" class=\"lazyload aligncenter wp-image-273 size-full\" src=\"data:image\/svg+xml,%3Csvg%20xmlns%3D%27http%3A%2F%2Fwww.w3.org%2F2000%2Fsvg%27%20width%3D%27550%27%20height%3D%27150%27%20viewBox%3D%270%200%20550%20150%27%3E%3Crect%20width%3D%27550%27%20height%3D%273150%27%20fill-opacity%3D%220%22%2F%3E%3C%2Fsvg%3E\" data-orig-src=\"http:\/\/sea-sa.com.mx\/site\/wp-content\/uploads\/2015\/02\/ban-arcvisor.gif\" alt=\"ban-arcvisor\" width=\"550\" height=\"150\" \/><\/a><\/p>\n<p>[\/vc_column_text][\/vc_column][\/vc_row][vc_row][vc_column width=&#8221;1\/1&#8243;][vc_column_text][separator style_type=&#8221;double&#8221; top_margin=&#8221;0&#8243; bottom_margin=&#8221;0&#8243; sep_color=&#8221;#d6d6d6&#8243; icon=&#8221;&#8221; width=&#8221;&#8221; class=&#8221;&#8221; id=&#8221;&#8221;][\/vc_column_text][\/vc_column][\/vc_row][vc_row][vc_column width=&#8221;1\/1&#8243;][vc_column_text]<\/p>\n<p style=\"text-align: center;\"><img class=\"lazyload\" loading=\"lazy\" decoding=\"async\" src=\"data:image\/svg+xml,%3Csvg%20xmlns%3D%27http%3A%2F%2Fwww.w3.org%2F2000%2Fsvg%27%20width%3D%2714%27%20height%3D%2719%27%20viewBox%3D%270%200%2014%2019%27%3E%3Crect%20width%3D%2714%27%20height%3D%27319%27%20fill-opacity%3D%220%22%2F%3E%3C%2Fsvg%3E\" data-orig-src=\"http:\/\/www.sea-sa.com.mx\/images\/click_aqui.jpg\" alt=\"\" width=\"14\" height=\"19\" align=\"absmiddle\" \/><span class=\"texto\"><strong>Cont\u00e1ctenos, con gusto estaremos respondiendo a sus dudas o comentarios. <span class=\"texto\"><a title=\"Click Aqu\u00ed\" href=\"http:\/\/sea-sa.com.mx\/site\/contacto-empresa-soldadura-equipos-antorchas\/?interes=Contacto desde Consumibles\">Click Aqu\u00ed.<\/a><\/span><\/strong><\/span><\/p>\n<p>[\/vc_column_text][\/vc_column][\/vc_row][vc_row][vc_column width=&#8221;1\/1&#8243;][vc_column_text][separator style_type=&#8221;double&#8221; top_margin=&#8221;0&#8243; bottom_margin=&#8221;0&#8243; sep_color=&#8221;#d6d6d6&#8243; icon=&#8221;&#8221; width=&#8221;&#8221; class=&#8221;&#8221; id=&#8221;&#8221;][\/vc_column_text][\/vc_column][\/vc_row][vc_row css=&#8221;.vc_custom_1424548365369{background-color: #f4f4f4 !important;}&#8221;][vc_column width=&#8221;1\/3&#8243;][vc_column_text]<\/p>\n<p style=\"text-align: center;\">S\u00edguenos, haz click:<\/p>\n<p>[\/vc_column_text][\/vc_column][vc_column width=&#8221;1\/6&#8243;][vc_column_text]<\/p>\n<div class=\"fb-like\" style=\"text-align: center;\" data-href=\"https:\/\/www.facebook.com\/seasamx\" data-layout=\"button_count\"><\/div>\n<p>[\/vc_column_text][\/vc_column][vc_column width=&#8221;1\/12&#8243;][vc_column_text]<\/p>\n<div class=\"g-ytsubscribe\" style=\"text-align: center;\" data-channel=\"seasacommx\"><\/div>\n<p>[\/vc_column_text][\/vc_column][vc_column width=&#8221;1\/3&#8243;][\/vc_column][\/vc_row][vc_row][vc_column width=&#8221;1\/1&#8243;][vc_column_text][sharing tagline=&#8221;COMPARTE ESTA PAGINA CON TUS AMIGOS, ESCOGE TU RED SOCIAL!&#8221; tagline_color=&#8221;#ffffff&#8221; title=&#8221;&#8221; link=&#8221;http:\/\/sea-sa.com.mx\/site\/consumibles-soldadura-boquillas-plasma-electrodos-microalambre-monterrey-mexico\/&#8221; description=&#8221;&#8221; pinterest_image=&#8221;&#8221; icons_boxed=&#8221;yes&#8221; icons_boxed_radius=&#8221;4px&#8221; box_colors=&#8221;#ffffff&#8221; icon_colors=&#8221;#02327c&#8221; tooltip_placement=&#8221;&#8221; backgroundcolor=&#8221;#02327c&#8221; class=&#8221;&#8221; id=&#8221;&#8221;][\/sharing][\/vc_column_text][\/vc_column][\/vc_row]<\/p>\n","protected":false},"excerpt":{"rendered":"<p>[vc_row][vc_column width=&#8221;1\/1&#8243;][vc_column_text][title class=&#8221;titulos&#8221; size=&#8221;3&#8243;]CONSUMIBLES PARA EQUIPOS DE SOLDADURA MIG\/MAG &#8211; [&hellip;]<\/p>\n","protected":false},"author":1,"featured_media":0,"parent":0,"menu_order":0,"comment_status":"closed","ping_status":"closed","template":"","meta":{"ngg_post_thumbnail":0,"footnotes":""},"class_list":["post-1100","page","type-page","status-publish","hentry"],"aioseo_notices":[],"_links":{"self":[{"href":"https:\/\/sea-sa.com.mx\/site\/wp-json\/wp\/v2\/pages\/1100","targetHints":{"allow":["GET"]}}],"collection":[{"href":"https:\/\/sea-sa.com.mx\/site\/wp-json\/wp\/v2\/pages"}],"about":[{"href":"https:\/\/sea-sa.com.mx\/site\/wp-json\/wp\/v2\/types\/page"}],"author":[{"embeddable":true,"href":"https:\/\/sea-sa.com.mx\/site\/wp-json\/wp\/v2\/users\/1"}],"replies":[{"embeddable":true,"href":"https:\/\/sea-sa.com.mx\/site\/wp-json\/wp\/v2\/comments?post=1100"}],"version-history":[{"count":2,"href":"https:\/\/sea-sa.com.mx\/site\/wp-json\/wp\/v2\/pages\/1100\/revisions"}],"predecessor-version":[{"id":4606,"href":"https:\/\/sea-sa.com.mx\/site\/wp-json\/wp\/v2\/pages\/1100\/revisions\/4606"}],"wp:attachment":[{"href":"https:\/\/sea-sa.com.mx\/site\/wp-json\/wp\/v2\/media?parent=1100"}],"curies":[{"name":"wp","href":"https:\/\/api.w.org\/{rel}","templated":true}]}}